{"id":1599,"date":"2020-10-27T16:06:09","date_gmt":"2020-10-27T16:06:09","guid":{"rendered":"https:\/\/nntt.auria.org\/?page_id=1599"},"modified":"2020-10-27T16:06:09","modified_gmt":"2020-10-27T16:06:09","slug":"gat-bruixot","status":"publish","type":"page","link":"https:\/\/nntt2.auria.org\/index.php\/recursos\/jocs\/gat-bruixot\/","title":{"rendered":"Gat Bruixot"},"content":{"rendered":"\n<div class=\"wp-block-media-text alignwide is-stacked-on-mobile is-vertically-aligned-top\" style=\"grid-template-columns:34% auto\"><figure class=\"wp-block-media-text__media\"><a href=\"https:\/\/www.google.com\/doodles\/halloween-2016\" target=\"_blank\" rel=\"noopener noreferrer\"><img loading=\"lazy\" decoding=\"async\" width=\"416\" height=\"413\" src=\"https:\/\/nntt2.auria.org\/wp-content\/uploads\/2020\/10\/miniJocGatBruixot.jpg\" alt=\"\" class=\"wp-image-1535\" srcset=\"https:\/\/nntt2.auria.org\/wp-content\/uploads\/2020\/10\/miniJocGatBruixot.jpg 416w, https:\/\/nntt2.auria.org\/wp-content\/uploads\/2020\/10\/miniJocGatBruixot-100x100.jpg 100w, https:\/\/nntt2.auria.org\/wp-content\/uploads\/2020\/10\/miniJocGatBruixot-300x298.jpg 300w, https:\/\/nntt2.auria.org\/wp-content\/uploads\/2020\/10\/miniJocGatBruixot-150x150.jpg 150w\" sizes=\"auto, (max-width: 416px) 100vw, 416px\" \/><\/a><\/figure><div class=\"wp-block-media-text__content\">\n<p>Aquest joc forma part d&#8217;un dels doodles de Google. El doodles s\u00f3n aquelles animacions o extres que Google incorpora en el seu logo a la p\u00e0gina principal del motor de cerca, normalment aprofita festivitats o fites hist\u00f2riques concretes. En aquest cas el doodle que recuperem \u00e9s el de Halloween del 2016.<\/p>\n\n\n\n<p>En aquest doodle el nostre personatge \u00e9s un gat aprenent de bruixot que, sense voler, ha invocat un esperit\/fantasma maligne i ara ha de solucionar el seu error.<\/p>\n\n\n\n<p>Per solucionar el seu error haurem de fer el moviment de vareta adequats per eliminar els diferents fantasmes que volen atacar-nos. Podreu esbrinar quin es el moviment adequat fixant-vos a la part superior del fantasma. <\/p>\n\n\n\n<p>Aquest moviment en s\u00f3n quatre: un <strong>&#8211;<\/strong>, una<strong> |<\/strong>, una <strong>^<\/strong> i una <strong>^ invertida<\/strong>.<\/p>\n\n\n\n<p>Per fer-los haurem de reproduir\/dibuixar aquests s\u00edmbols a la pantalla del joc mitjan\u00e7ant el ratol\u00ed. Una alternativa que podria millorar l&#8217;accessibilitat seria accedir mitjan\u00e7ant un dispositiu t\u00e0ctil i, aleshores, realitzar els moviments amb el dit.<\/p>\n\n\n\n<div class=\"wp-block-columns is-layout-flex wp-container-core-columns-is-layout-9d6595d7 wp-block-columns-is-layout-flex\">\n<div class=\"wp-block-column is-layout-flow wp-block-column-is-layout-flow\">\n<figure class=\"wp-block-image size-large is-resized\"><img loading=\"lazy\" decoding=\"async\" src=\"https:\/\/nntt2.auria.org\/wp-content\/uploads\/2020\/06\/mouse-1024x704.jpg\" alt=\"\" class=\"wp-image-395\" width=\"256\" height=\"176\" srcset=\"https:\/\/nntt2.auria.org\/wp-content\/uploads\/2020\/06\/mouse-1024x704.jpg 1024w, https:\/\/nntt2.auria.org\/wp-content\/uploads\/2020\/06\/mouse-600x413.jpg 600w, https:\/\/nntt2.auria.org\/wp-content\/uploads\/2020\/06\/mouse-300x206.jpg 300w, https:\/\/nntt2.auria.org\/wp-content\/uploads\/2020\/06\/mouse-768x528.jpg 768w, https:\/\/nntt2.auria.org\/wp-content\/uploads\/2020\/06\/mouse.jpg 1291w\" sizes=\"auto, (max-width: 256px) 100vw, 256px\" \/><\/figure>\n<\/div>\n\n\n\n<div class=\"wp-block-column is-layout-flow wp-block-column-is-layout-flow\">\n<figure class=\"wp-block-image size-large is-resized\"><img loading=\"lazy\" decoding=\"async\" src=\"https:\/\/nntt2.auria.org\/wp-content\/uploads\/2020\/09\/tactil.png\" alt=\"\" class=\"wp-image-836\" width=\"275\" height=\"210\" srcset=\"https:\/\/nntt2.auria.org\/wp-content\/uploads\/2020\/09\/tactil.png 550w, https:\/\/nntt2.auria.org\/wp-content\/uploads\/2020\/09\/tactil-300x229.png 300w\" sizes=\"auto, (max-width: 275px) 100vw, 275px\" \/><\/figure>\n<\/div>\n<\/div>\n<\/div><\/div>\n","protected":false},"excerpt":{"rendered":"","protected":false},"author":1,"featured_media":0,"parent":15,"menu_order":0,"comment_status":"closed","ping_status":"closed","template":"","meta":{"footnotes":""},"class_list":["post-1599","page","type-page","status-publish","hentry"],"_links":{"self":[{"href":"https:\/\/nntt2.auria.org\/index.php\/wp-json\/wp\/v2\/pages\/1599","targetHints":{"allow":["GET"]}}],"collection":[{"href":"https:\/\/nntt2.auria.org\/index.php\/wp-json\/wp\/v2\/pages"}],"about":[{"href":"https:\/\/nntt2.auria.org\/index.php\/wp-json\/wp\/v2\/types\/page"}],"author":[{"embeddable":true,"href":"https:\/\/nntt2.auria.org\/index.php\/wp-json\/wp\/v2\/users\/1"}],"replies":[{"embeddable":true,"href":"https:\/\/nntt2.auria.org\/index.php\/wp-json\/wp\/v2\/comments?post=1599"}],"version-history":[{"count":1,"href":"https:\/\/nntt2.auria.org\/index.php\/wp-json\/wp\/v2\/pages\/1599\/revisions"}],"predecessor-version":[{"id":1600,"href":"https:\/\/nntt2.auria.org\/index.php\/wp-json\/wp\/v2\/pages\/1599\/revisions\/1600"}],"up":[{"embeddable":true,"href":"https:\/\/nntt2.auria.org\/index.php\/wp-json\/wp\/v2\/pages\/15"}],"wp:attachment":[{"href":"https:\/\/nntt2.auria.org\/index.php\/wp-json\/wp\/v2\/media?parent=1599"}],"curies":[{"name":"wp","href":"https:\/\/api.w.org\/{rel}","templated":true}]}}