{"id":1596,"date":"2020-10-27T15:49:25","date_gmt":"2020-10-27T15:49:25","guid":{"rendered":"https:\/\/nntt.auria.org\/?page_id=1596"},"modified":"2020-10-27T15:49:25","modified_gmt":"2020-10-27T15:49:25","slug":"tres-en-ratlla","status":"publish","type":"page","link":"https:\/\/nntt2.auria.org\/index.php\/recursos\/jocs\/tres-en-ratlla\/","title":{"rendered":"Tres en ratlla"},"content":{"rendered":"\n<div class=\"wp-block-media-text alignwide is-stacked-on-mobile is-vertically-aligned-top\" style=\"grid-template-columns:34% auto\"><figure class=\"wp-block-media-text__media\"><a href=\"https:\/\/www.google.com\/search?client=firefox-b-d&amp;q=tres+en+ratlla\" target=\"_blank\" rel=\"noopener noreferrer\"><img loading=\"lazy\" decoding=\"async\" width=\"414\" height=\"413\" src=\"https:\/\/nntt2.auria.org\/wp-content\/uploads\/2020\/10\/MinitresEnRatlla.jpg\" alt=\"\" class=\"wp-image-1533\" srcset=\"https:\/\/nntt2.auria.org\/wp-content\/uploads\/2020\/10\/MinitresEnRatlla.jpg 414w, https:\/\/nntt2.auria.org\/wp-content\/uploads\/2020\/10\/MinitresEnRatlla-300x300.jpg 300w, https:\/\/nntt2.auria.org\/wp-content\/uploads\/2020\/10\/MinitresEnRatlla-100x100.jpg 100w, https:\/\/nntt2.auria.org\/wp-content\/uploads\/2020\/10\/MinitresEnRatlla-150x150.jpg 150w\" sizes=\"auto, (max-width: 414px) 100vw, 414px\" \/><\/a><\/figure><div class=\"wp-block-media-text__content\">\n<p>El cl\u00e0ssic tres en ratlla recreat, aquesta vegada, per Google. Per poder jugar-hi podeu accedir-hi mitjan\u00e7ant l\u2019enlla\u00e7, fent clic a la imatge, o fent una cerca al Google amb les paraules <em>tres en ratlla<\/em>. Veureu que el primer resultat \u00e9s un tauler amb el format caracter\u00edstic del tres en ratlla.<\/p>\n\n\n\n<p>A la cantonada superior esquerre i trobareu un men\u00fa desplegable amb les diferents dificultats i una opci\u00f3 per jugar contra una altre persona. <\/p>\n\n\n\n<p>Despr\u00e9s podreu escollir amb qui voleu jugar, si amb les <strong>X<\/strong> o les <strong>O<\/strong>. Les <strong>X<\/strong> sempre juguen primer. <\/p>\n\n\n\n<p>Nom\u00e9s haureu de fer clic al tauler per tal d&#8217;iniciar el joc. La interacci\u00f3 amb aquest ser\u00e0 mitjan\u00e7ant el ratol\u00ed.<\/p>\n\n\n\n<figure class=\"wp-block-image size-large is-resized\"><img loading=\"lazy\" decoding=\"async\" src=\"https:\/\/nntt2.auria.org\/wp-content\/uploads\/2020\/06\/mouse-1024x704.jpg\" alt=\"\" class=\"wp-image-395\" width=\"256\" height=\"176\" srcset=\"https:\/\/nntt2.auria.org\/wp-content\/uploads\/2020\/06\/mouse-1024x704.jpg 1024w, https:\/\/nntt2.auria.org\/wp-content\/uploads\/2020\/06\/mouse-600x413.jpg 600w, https:\/\/nntt2.auria.org\/wp-content\/uploads\/2020\/06\/mouse-300x206.jpg 300w, https:\/\/nntt2.auria.org\/wp-content\/uploads\/2020\/06\/mouse-768x528.jpg 768w, https:\/\/nntt2.auria.org\/wp-content\/uploads\/2020\/06\/mouse.jpg 1291w\" sizes=\"auto, (max-width: 256px) 100vw, 256px\" \/><\/figure>\n<\/div><\/div>\n","protected":false},"excerpt":{"rendered":"","protected":false},"author":1,"featured_media":0,"parent":15,"menu_order":0,"comment_status":"closed","ping_status":"closed","template":"","meta":{"footnotes":""},"class_list":["post-1596","page","type-page","status-publish","hentry"],"_links":{"self":[{"href":"https:\/\/nntt2.auria.org\/index.php\/wp-json\/wp\/v2\/pages\/1596","targetHints":{"allow":["GET"]}}],"collection":[{"href":"https:\/\/nntt2.auria.org\/index.php\/wp-json\/wp\/v2\/pages"}],"about":[{"href":"https:\/\/nntt2.auria.org\/index.php\/wp-json\/wp\/v2\/types\/page"}],"author":[{"embeddable":true,"href":"https:\/\/nntt2.auria.org\/index.php\/wp-json\/wp\/v2\/users\/1"}],"replies":[{"embeddable":true,"href":"https:\/\/nntt2.auria.org\/index.php\/wp-json\/wp\/v2\/comments?post=1596"}],"version-history":[{"count":1,"href":"https:\/\/nntt2.auria.org\/index.php\/wp-json\/wp\/v2\/pages\/1596\/revisions"}],"predecessor-version":[{"id":1597,"href":"https:\/\/nntt2.auria.org\/index.php\/wp-json\/wp\/v2\/pages\/1596\/revisions\/1597"}],"up":[{"embeddable":true,"href":"https:\/\/nntt2.auria.org\/index.php\/wp-json\/wp\/v2\/pages\/15"}],"wp:attachment":[{"href":"https:\/\/nntt2.auria.org\/index.php\/wp-json\/wp\/v2\/media?parent=1596"}],"curies":[{"name":"wp","href":"https:\/\/api.w.org\/{rel}","templated":true}]}}