{"id":1584,"date":"2020-10-27T14:54:12","date_gmt":"2020-10-27T14:54:12","guid":{"rendered":"https:\/\/nntt.auria.org\/?page_id=1584"},"modified":"2020-10-27T15:08:26","modified_gmt":"2020-10-27T15:08:26","slug":"activitats-conte-caputxeta-vermella","status":"publish","type":"page","link":"https:\/\/nntt2.auria.org\/index.php\/recursos\/jocs\/activitats-conte-caputxeta-vermella\/","title":{"rendered":"Activitats Conte Caputxeta Vermella"},"content":{"rendered":"\n<div class=\"wp-block-media-text alignwide is-stacked-on-mobile is-vertically-aligned-top\" style=\"grid-template-columns:30% auto\"><figure class=\"wp-block-media-text__media\"><a href=\"https:\/\/clic.xtec.cat\/projects\/caputxe2\/jclic.js\/index.html\" target=\"_blank\" rel=\"noopener noreferrer\"><img loading=\"lazy\" decoding=\"async\" width=\"413\" height=\"413\" src=\"https:\/\/nntt2.auria.org\/wp-content\/uploads\/2020\/10\/MiniJocCaputxetaV.jpg\" alt=\"\" class=\"wp-image-1523\" srcset=\"https:\/\/nntt2.auria.org\/wp-content\/uploads\/2020\/10\/MiniJocCaputxetaV.jpg 413w, https:\/\/nntt2.auria.org\/wp-content\/uploads\/2020\/10\/MiniJocCaputxetaV-300x300.jpg 300w, https:\/\/nntt2.auria.org\/wp-content\/uploads\/2020\/10\/MiniJocCaputxetaV-100x100.jpg 100w, https:\/\/nntt2.auria.org\/wp-content\/uploads\/2020\/10\/MiniJocCaputxetaV-150x150.jpg 150w\" sizes=\"auto, (max-width: 413px) 100vw, 413px\" \/><\/a><\/figure><div class=\"wp-block-media-text__content\">\n<p>Activitat preparada per la comunitat de docents sota la plataforma XTEC, podreu trobar qui s\u00f3n els creadors consultant els cr\u00e8dits.<\/p>\n\n\n\n<p>El disseny basat en JClic que permet afegir sons als apartats o escenes afavoreix que sigui una eina molt \u00fatil per aquells usuaris amb un baix coneixement de la lectoescriptura, i les activitats proposades s\u00f3n molt adients per millorar-la.<\/p>\n\n\n\n<p>Trobareu un men\u00fa principal el qual hi ha diferents apartats, seguidament el podreu veure, on podreu escoltar el conte o treballar diferents conceptes com la comprensi\u00f3, la sem\u00e0ntica i altres tot fent \u00fas d&#8217;activitats d&#8217;un caire m\u00e9s l\u00fadic com poden ser puzles o taules de relaci\u00f3 interactives.<\/p>\n\n\n\n<figure class=\"wp-block-image size-large\"><img loading=\"lazy\" decoding=\"async\" width=\"1024\" height=\"500\" src=\"https:\/\/nntt2.auria.org\/wp-content\/uploads\/2020\/10\/lacaputxetavermella_menu-1024x500.png\" alt=\"\" class=\"wp-image-1585\" srcset=\"https:\/\/nntt2.auria.org\/wp-content\/uploads\/2020\/10\/lacaputxetavermella_menu-1024x500.png 1024w, https:\/\/nntt2.auria.org\/wp-content\/uploads\/2020\/10\/lacaputxetavermella_menu-600x293.png 600w, https:\/\/nntt2.auria.org\/wp-content\/uploads\/2020\/10\/lacaputxetavermella_menu-300x147.png 300w, https:\/\/nntt2.auria.org\/wp-content\/uploads\/2020\/10\/lacaputxetavermella_menu-768x375.png 768w, https:\/\/nntt2.auria.org\/wp-content\/uploads\/2020\/10\/lacaputxetavermella_menu-1536x751.png 1536w, https:\/\/nntt2.auria.org\/wp-content\/uploads\/2020\/10\/lacaputxetavermella_menu.png 1913w\" sizes=\"auto, (max-width: 1024px) 100vw, 1024px\" \/><\/figure>\n\n\n\n<p>Si ens fixem en la imatge anterior podreu veure que hi ha una barra de navegaci\u00f3 a la part inferior. Mitjan\u00e7ant les fletxes que hi ha als extrems podreu avan\u00e7ar o retrocedir per les activitats, a la part central hi trobareu missatges que son les reaccions a les vostres respostes.<\/p>\n\n\n\n<p>Per interaccionar amb aquesta activitat haureu de fer \u00fas del ratol\u00ed i del teclat.<\/p>\n\n\n\n<div class=\"wp-block-columns is-layout-flex wp-container-core-columns-is-layout-9d6595d7 wp-block-columns-is-layout-flex\">\n<div class=\"wp-block-column is-layout-flow wp-block-column-is-layout-flow\">\n<figure class=\"wp-block-image size-large is-resized\"><img loading=\"lazy\" decoding=\"async\" src=\"https:\/\/nntt2.auria.org\/wp-content\/uploads\/2020\/06\/mouse-1024x704.jpg\" alt=\"\" class=\"wp-image-395\" width=\"256\" height=\"176\" srcset=\"https:\/\/nntt2.auria.org\/wp-content\/uploads\/2020\/06\/mouse-1024x704.jpg 1024w, https:\/\/nntt2.auria.org\/wp-content\/uploads\/2020\/06\/mouse-600x413.jpg 600w, https:\/\/nntt2.auria.org\/wp-content\/uploads\/2020\/06\/mouse-300x206.jpg 300w, https:\/\/nntt2.auria.org\/wp-content\/uploads\/2020\/06\/mouse-768x528.jpg 768w, https:\/\/nntt2.auria.org\/wp-content\/uploads\/2020\/06\/mouse.jpg 1291w\" sizes=\"auto, (max-width: 256px) 100vw, 256px\" \/><\/figure>\n<\/div>\n\n\n\n<div class=\"wp-block-column is-layout-flow wp-block-column-is-layout-flow\">\n<figure class=\"wp-block-image size-large\"><img loading=\"lazy\" decoding=\"async\" width=\"724\" height=\"244\" src=\"https:\/\/nntt2.auria.org\/wp-content\/uploads\/2020\/06\/teclat_rock.png\" alt=\"\" class=\"wp-image-402\" srcset=\"https:\/\/nntt2.auria.org\/wp-content\/uploads\/2020\/06\/teclat_rock.png 724w, https:\/\/nntt2.auria.org\/wp-content\/uploads\/2020\/06\/teclat_rock-600x202.png 600w, https:\/\/nntt2.auria.org\/wp-content\/uploads\/2020\/06\/teclat_rock-300x101.png 300w\" sizes=\"auto, (max-width: 724px) 100vw, 724px\" \/><\/figure>\n<\/div>\n<\/div>\n<\/div><\/div>\n","protected":false},"excerpt":{"rendered":"","protected":false},"author":1,"featured_media":0,"parent":15,"menu_order":0,"comment_status":"closed","ping_status":"closed","template":"","meta":{"footnotes":""},"class_list":["post-1584","page","type-page","status-publish","hentry"],"_links":{"self":[{"href":"https:\/\/nntt2.auria.org\/index.php\/wp-json\/wp\/v2\/pages\/1584","targetHints":{"allow":["GET"]}}],"collection":[{"href":"https:\/\/nntt2.auria.org\/index.php\/wp-json\/wp\/v2\/pages"}],"about":[{"href":"https:\/\/nntt2.auria.org\/index.php\/wp-json\/wp\/v2\/types\/page"}],"author":[{"embeddable":true,"href":"https:\/\/nntt2.auria.org\/index.php\/wp-json\/wp\/v2\/users\/1"}],"replies":[{"embeddable":true,"href":"https:\/\/nntt2.auria.org\/index.php\/wp-json\/wp\/v2\/comments?post=1584"}],"version-history":[{"count":2,"href":"https:\/\/nntt2.auria.org\/index.php\/wp-json\/wp\/v2\/pages\/1584\/revisions"}],"predecessor-version":[{"id":1587,"href":"https:\/\/nntt2.auria.org\/index.php\/wp-json\/wp\/v2\/pages\/1584\/revisions\/1587"}],"up":[{"embeddable":true,"href":"https:\/\/nntt2.auria.org\/index.php\/wp-json\/wp\/v2\/pages\/15"}],"wp:attachment":[{"href":"https:\/\/nntt2.auria.org\/index.php\/wp-json\/wp\/v2\/media?parent=1584"}],"curies":[{"name":"wp","href":"https:\/\/api.w.org\/{rel}","templated":true}]}}