{"id":1581,"date":"2020-10-27T13:58:34","date_gmt":"2020-10-27T13:58:34","guid":{"rendered":"https:\/\/nntt.auria.org\/?page_id=1581"},"modified":"2020-10-27T13:58:34","modified_gmt":"2020-10-27T13:58:34","slug":"composa-la-teva-musica","status":"publish","type":"page","link":"https:\/\/nntt2.auria.org\/index.php\/recursos\/jocs\/composa-la-teva-musica\/","title":{"rendered":"Composa la teva m\u00fasica"},"content":{"rendered":"\n<div class=\"wp-block-media-text alignwide is-stacked-on-mobile is-vertically-aligned-top\" style=\"grid-template-columns:30% auto\"><figure class=\"wp-block-media-text__media\"><a href=\"https:\/\/www.cokitos.com\/componer-musica\/play\/\" target=\"_blank\" rel=\"noopener noreferrer\"><img loading=\"lazy\" decoding=\"async\" width=\"425\" height=\"414\" src=\"https:\/\/nntt2.auria.org\/wp-content\/uploads\/2020\/10\/MiniJocComposarMusica.jpg\" alt=\"\" class=\"wp-image-1521\" srcset=\"https:\/\/nntt2.auria.org\/wp-content\/uploads\/2020\/10\/MiniJocComposarMusica.jpg 425w, https:\/\/nntt2.auria.org\/wp-content\/uploads\/2020\/10\/MiniJocComposarMusica-300x292.jpg 300w\" sizes=\"auto, (max-width: 425px) 100vw, 425px\" \/><\/a><\/figure><div class=\"wp-block-media-text__content\">\n<p>T&#8217;agrada la m\u00fasica? T&#8217;agrada el piano o la bateria? Amb aquest joc podr\u00e0s composar les teves can\u00e7ons amb piano o crear els teus propis ritmes amb la bateria.<\/p>\n\n\n\n<p>Aquest &#8220;joc&#8221; t\u00e9 un format i est\u00e8tica molt similar als softwares d&#8217;edici\u00f3 i producci\u00f3 musical. Tot i ser una versi\u00f3 molt simplificada i senzilla requereix de temps i paci\u00e8ncia per tal d&#8217;aconseguir crear les melodies o ritmes, si existeixen coneixements musicals ser\u00e0 m\u00e9s f\u00e0cil.<\/p>\n\n\n\n<p>Ens permet escollir i col\u00b7locar les notes all\u00e0 on necessitem i despr\u00e9s podem escollir la velocitat amb la qual reproduir els nostres ritmes o can\u00e7ons. Tamb\u00e9 ens dona l&#8217;opci\u00f3 de carregar algunes melodies fetes o guardar les nostres per tal de carregar-les posteriorment.<\/p>\n\n\n\n<p>La forma d&#8217;interacci\u00f3 amb el joc es fa mitjan\u00e7ant el ratol\u00ed.<\/p>\n\n\n\n<figure class=\"wp-block-image size-large is-resized\"><img loading=\"lazy\" decoding=\"async\" src=\"https:\/\/nntt2.auria.org\/wp-content\/uploads\/2020\/06\/mouse-1024x704.jpg\" alt=\"\" class=\"wp-image-395\" width=\"256\" height=\"176\" srcset=\"https:\/\/nntt2.auria.org\/wp-content\/uploads\/2020\/06\/mouse-1024x704.jpg 1024w, https:\/\/nntt2.auria.org\/wp-content\/uploads\/2020\/06\/mouse-600x413.jpg 600w, https:\/\/nntt2.auria.org\/wp-content\/uploads\/2020\/06\/mouse-300x206.jpg 300w, https:\/\/nntt2.auria.org\/wp-content\/uploads\/2020\/06\/mouse-768x528.jpg 768w, https:\/\/nntt2.auria.org\/wp-content\/uploads\/2020\/06\/mouse.jpg 1291w\" sizes=\"auto, (max-width: 256px) 100vw, 256px\" \/><\/figure>\n\n\n\n<p>Recomanem fer \u00fas del joc assistit per tal de crear una experi\u00e8ncia divertida i gratificant per al usuari i evitar frustracions per l&#8217;alta complexitat del joc.<\/p>\n<\/div><\/div>\n","protected":false},"excerpt":{"rendered":"","protected":false},"author":1,"featured_media":0,"parent":15,"menu_order":0,"comment_status":"closed","ping_status":"closed","template":"","meta":{"footnotes":""},"class_list":["post-1581","page","type-page","status-publish","hentry"],"_links":{"self":[{"href":"https:\/\/nntt2.auria.org\/index.php\/wp-json\/wp\/v2\/pages\/1581","targetHints":{"allow":["GET"]}}],"collection":[{"href":"https:\/\/nntt2.auria.org\/index.php\/wp-json\/wp\/v2\/pages"}],"about":[{"href":"https:\/\/nntt2.auria.org\/index.php\/wp-json\/wp\/v2\/types\/page"}],"author":[{"embeddable":true,"href":"https:\/\/nntt2.auria.org\/index.php\/wp-json\/wp\/v2\/users\/1"}],"replies":[{"embeddable":true,"href":"https:\/\/nntt2.auria.org\/index.php\/wp-json\/wp\/v2\/comments?post=1581"}],"version-history":[{"count":1,"href":"https:\/\/nntt2.auria.org\/index.php\/wp-json\/wp\/v2\/pages\/1581\/revisions"}],"predecessor-version":[{"id":1582,"href":"https:\/\/nntt2.auria.org\/index.php\/wp-json\/wp\/v2\/pages\/1581\/revisions\/1582"}],"up":[{"embeddable":true,"href":"https:\/\/nntt2.auria.org\/index.php\/wp-json\/wp\/v2\/pages\/15"}],"wp:attachment":[{"href":"https:\/\/nntt2.auria.org\/index.php\/wp-json\/wp\/v2\/media?parent=1581"}],"curies":[{"name":"wp","href":"https:\/\/api.w.org\/{rel}","templated":true}]}}