{"id":1578,"date":"2020-10-27T13:33:11","date_gmt":"2020-10-27T13:33:11","guid":{"rendered":"https:\/\/nntt.auria.org\/?page_id=1578"},"modified":"2020-10-27T13:33:11","modified_gmt":"2020-10-27T13:33:11","slug":"esbrina-el-so-de-lobjecte","status":"publish","type":"page","link":"https:\/\/nntt2.auria.org\/index.php\/recursos\/jocs\/esbrina-el-so-de-lobjecte\/","title":{"rendered":"Esbrina el so de l&#8217;objecte."},"content":{"rendered":"\n<div class=\"wp-block-media-text alignwide is-stacked-on-mobile is-vertically-aligned-top\" style=\"grid-template-columns:34% auto\"><figure class=\"wp-block-media-text__media\"><a href=\"https:\/\/www.cokitos.com\/adivinar-sonidos\/play\/\" target=\"_blank\" rel=\"noopener noreferrer\"><img loading=\"lazy\" decoding=\"async\" width=\"414\" height=\"413\" src=\"https:\/\/nntt2.auria.org\/wp-content\/uploads\/2020\/10\/MiniJocAdivinarSons.jpg\" alt=\"\" class=\"wp-image-1519\" srcset=\"https:\/\/nntt2.auria.org\/wp-content\/uploads\/2020\/10\/MiniJocAdivinarSons.jpg 414w, https:\/\/nntt2.auria.org\/wp-content\/uploads\/2020\/10\/MiniJocAdivinarSons-300x300.jpg 300w, https:\/\/nntt2.auria.org\/wp-content\/uploads\/2020\/10\/MiniJocAdivinarSons-100x100.jpg 100w, https:\/\/nntt2.auria.org\/wp-content\/uploads\/2020\/10\/MiniJocAdivinarSons-150x150.jpg 150w\" sizes=\"auto, (max-width: 414px) 100vw, 414px\" \/><\/a><\/figure><div class=\"wp-block-media-text__content\">\n<p>Tal com el seu nom indica en aquest joc escoltarem un so i haurem d&#8217;esbrinar a quin objecte correspon. El joc planteja tres solucions possibles bastant diferents entre elles, la majoria s\u00f3n objecte per\u00f2 tamb\u00e9 i trobarem alguns animals.<\/p>\n\n\n\n<p>Per tal d&#8217;interaccionar amb el joc ho haurem de fer mitjan\u00e7ant el ratol\u00ed o ve si accedim al joc mitjan\u00e7ant un dispositiu t\u00e0ctil podrem fer-ho amb els dits.<\/p>\n\n\n\n<div class=\"wp-block-columns is-layout-flex wp-container-core-columns-is-layout-9d6595d7 wp-block-columns-is-layout-flex\">\n<div class=\"wp-block-column is-layout-flow wp-block-column-is-layout-flow\">\n<figure class=\"wp-block-image size-large is-resized\"><img loading=\"lazy\" decoding=\"async\" src=\"https:\/\/nntt2.auria.org\/wp-content\/uploads\/2020\/06\/mouse-1024x704.jpg\" alt=\"\" class=\"wp-image-395\" width=\"256\" height=\"176\" srcset=\"https:\/\/nntt2.auria.org\/wp-content\/uploads\/2020\/06\/mouse-1024x704.jpg 1024w, https:\/\/nntt2.auria.org\/wp-content\/uploads\/2020\/06\/mouse-600x413.jpg 600w, https:\/\/nntt2.auria.org\/wp-content\/uploads\/2020\/06\/mouse-300x206.jpg 300w, https:\/\/nntt2.auria.org\/wp-content\/uploads\/2020\/06\/mouse-768x528.jpg 768w, https:\/\/nntt2.auria.org\/wp-content\/uploads\/2020\/06\/mouse.jpg 1291w\" sizes=\"auto, (max-width: 256px) 100vw, 256px\" \/><\/figure>\n<\/div>\n\n\n\n<div class=\"wp-block-column is-layout-flow wp-block-column-is-layout-flow\">\n<figure class=\"wp-block-image size-large is-resized\"><img loading=\"lazy\" decoding=\"async\" src=\"https:\/\/nntt2.auria.org\/wp-content\/uploads\/2020\/09\/tactil.png\" alt=\"\" class=\"wp-image-836\" width=\"275\" height=\"210\" srcset=\"https:\/\/nntt2.auria.org\/wp-content\/uploads\/2020\/09\/tactil.png 550w, https:\/\/nntt2.auria.org\/wp-content\/uploads\/2020\/09\/tactil-300x229.png 300w\" sizes=\"auto, (max-width: 275px) 100vw, 275px\" \/><\/figure>\n<\/div>\n<\/div>\n\n\n\n<p>L&#8217;ordre de les preguntes sempre \u00e9s el mateix, recomanem no abusar molt d&#8217;aquest joc un cop ja ha sigut completat varies vegades.<\/p>\n<\/div><\/div>\n","protected":false},"excerpt":{"rendered":"","protected":false},"author":1,"featured_media":0,"parent":15,"menu_order":0,"comment_status":"closed","ping_status":"closed","template":"","meta":{"footnotes":""},"class_list":["post-1578","page","type-page","status-publish","hentry"],"_links":{"self":[{"href":"https:\/\/nntt2.auria.org\/index.php\/wp-json\/wp\/v2\/pages\/1578","targetHints":{"allow":["GET"]}}],"collection":[{"href":"https:\/\/nntt2.auria.org\/index.php\/wp-json\/wp\/v2\/pages"}],"about":[{"href":"https:\/\/nntt2.auria.org\/index.php\/wp-json\/wp\/v2\/types\/page"}],"author":[{"embeddable":true,"href":"https:\/\/nntt2.auria.org\/index.php\/wp-json\/wp\/v2\/users\/1"}],"replies":[{"embeddable":true,"href":"https:\/\/nntt2.auria.org\/index.php\/wp-json\/wp\/v2\/comments?post=1578"}],"version-history":[{"count":1,"href":"https:\/\/nntt2.auria.org\/index.php\/wp-json\/wp\/v2\/pages\/1578\/revisions"}],"predecessor-version":[{"id":1579,"href":"https:\/\/nntt2.auria.org\/index.php\/wp-json\/wp\/v2\/pages\/1578\/revisions\/1579"}],"up":[{"embeddable":true,"href":"https:\/\/nntt2.auria.org\/index.php\/wp-json\/wp\/v2\/pages\/15"}],"wp:attachment":[{"href":"https:\/\/nntt2.auria.org\/index.php\/wp-json\/wp\/v2\/media?parent=1578"}],"curies":[{"name":"wp","href":"https:\/\/api.w.org\/{rel}","templated":true}]}}