{"id":1574,"date":"2020-10-27T13:24:20","date_gmt":"2020-10-27T13:24:20","guid":{"rendered":"https:\/\/nntt.auria.org\/?page_id=1574"},"modified":"2020-10-27T13:24:59","modified_gmt":"2020-10-27T13:24:59","slug":"dino-rock","status":"publish","type":"page","link":"https:\/\/nntt2.auria.org\/index.php\/recursos\/jocs\/dino-rock\/","title":{"rendered":"Dino Rock"},"content":{"rendered":"\n<div class=\"wp-block-media-text alignwide is-stacked-on-mobile is-vertically-aligned-top\" style=\"grid-template-columns:34% auto\"><figure class=\"wp-block-media-text__media\"><a href=\"https:\/\/www.cokitos.com\/entrenar-el-oido-musical\/play\/\"><img loading=\"lazy\" decoding=\"async\" width=\"419\" height=\"408\" src=\"https:\/\/nntt2.auria.org\/wp-content\/uploads\/2020\/10\/MiniJocDinoRock.jpg\" alt=\"\" class=\"wp-image-1515\" srcset=\"https:\/\/nntt2.auria.org\/wp-content\/uploads\/2020\/10\/MiniJocDinoRock.jpg 419w, https:\/\/nntt2.auria.org\/wp-content\/uploads\/2020\/10\/MiniJocDinoRock-300x292.jpg 300w\" sizes=\"auto, (max-width: 419px) 100vw, 419px\" \/><\/a><\/figure><div class=\"wp-block-media-text__content\">\n<p>Dino Rock, \u00e9s una versi\u00f3 simplificada de jocs de l&#8217;estil dels cl\u00e0ssics Guitar Hero, Dance<br>Dance Revolution o Guitar Freaks o alguns de m\u00e9s actuals com Piano Tilt o similars.<\/p>\n\n\n\n<p>Aquesta tipologia de jocs basa el seu funcionament en la reproducci\u00f3 de can\u00e7ons mitjan\u00e7ant un &#8220;pentagrama vertical&#8221; per on van caient les notes i el jugador ha de pr\u00e9mer les tecles corresponents en el moment adequat.<\/p>\n\n\n\n<p>Dino Rock, a difer\u00e8ncia dels anteriors, comen\u00e7a amb una dificultat baixa i simplificada de nom\u00e9s tres tecles. Aquesta dificultat escala r\u00e0pidament per\u00f2 mant\u00e9 el funcionament amb tres tecles.<\/p>\n\n\n\n<p>Les notes estan representades per tres colors diferents, que tamb\u00e9 corresponen al color del dinosaure en q\u00fcesti\u00f3. Les notes <strong>taronges<\/strong> situades a l&#8217;esquerrada reaccionen a la <strong>tecla de direcci\u00f3\/fletxa esquerra<\/strong>, les notes <strong>verdes<\/strong> situades al centres reaccionen a la <strong>tecla de direcci\u00f3\/ fletxa avall<\/strong> i, per \u00faltim, les notes <strong>blaves<\/strong> situades a la dreta reaccionen a la <strong>tecla de direcci\u00f3\/fletxa dreta.<\/strong><\/p>\n\n\n\n<div class=\"wp-block-image\"><figure class=\"aligncenter size-large is-resized\"><img loading=\"lazy\" decoding=\"async\" src=\"https:\/\/nntt2.auria.org\/wp-content\/uploads\/2020\/06\/all_arrow.jpg\" alt=\"\" class=\"wp-image-388\" width=\"174\" height=\"174\" srcset=\"https:\/\/nntt2.auria.org\/wp-content\/uploads\/2020\/06\/all_arrow.jpg 347w, https:\/\/nntt2.auria.org\/wp-content\/uploads\/2020\/06\/all_arrow-300x300.jpg 300w, https:\/\/nntt2.auria.org\/wp-content\/uploads\/2020\/06\/all_arrow-100x100.jpg 100w, https:\/\/nntt2.auria.org\/wp-content\/uploads\/2020\/06\/all_arrow-150x150.jpg 150w\" sizes=\"auto, (max-width: 174px) 100vw, 174px\" \/><\/figure><\/div>\n\n\n\n<p>Aquest joc requereix un nivell elevat de coordinaci\u00f3 i reacci\u00f3 entre l&#8217;usuari i l&#8217;ordinador. No \u00e9s recomanable per aquells usuaris amb baixa motricitat fina.<\/p>\n<\/div><\/div>\n\n\n\n<p><\/p>\n","protected":false},"excerpt":{"rendered":"","protected":false},"author":1,"featured_media":0,"parent":15,"menu_order":0,"comment_status":"closed","ping_status":"closed","template":"","meta":{"footnotes":""},"class_list":["post-1574","page","type-page","status-publish","hentry"],"_links":{"self":[{"href":"https:\/\/nntt2.auria.org\/index.php\/wp-json\/wp\/v2\/pages\/1574","targetHints":{"allow":["GET"]}}],"collection":[{"href":"https:\/\/nntt2.auria.org\/index.php\/wp-json\/wp\/v2\/pages"}],"about":[{"href":"https:\/\/nntt2.auria.org\/index.php\/wp-json\/wp\/v2\/types\/page"}],"author":[{"embeddable":true,"href":"https:\/\/nntt2.auria.org\/index.php\/wp-json\/wp\/v2\/users\/1"}],"replies":[{"embeddable":true,"href":"https:\/\/nntt2.auria.org\/index.php\/wp-json\/wp\/v2\/comments?post=1574"}],"version-history":[{"count":2,"href":"https:\/\/nntt2.auria.org\/index.php\/wp-json\/wp\/v2\/pages\/1574\/revisions"}],"predecessor-version":[{"id":1577,"href":"https:\/\/nntt2.auria.org\/index.php\/wp-json\/wp\/v2\/pages\/1574\/revisions\/1577"}],"up":[{"embeddable":true,"href":"https:\/\/nntt2.auria.org\/index.php\/wp-json\/wp\/v2\/pages\/15"}],"wp:attachment":[{"href":"https:\/\/nntt2.auria.org\/index.php\/wp-json\/wp\/v2\/media?parent=1574"}],"curies":[{"name":"wp","href":"https:\/\/api.w.org\/{rel}","templated":true}]}}