{"id":1568,"date":"2020-10-26T16:27:04","date_gmt":"2020-10-26T16:27:04","guid":{"rendered":"https:\/\/nntt.auria.org\/?page_id=1568"},"modified":"2020-10-26T16:27:04","modified_gmt":"2020-10-26T16:27:04","slug":"piano-virtual","status":"publish","type":"page","link":"https:\/\/nntt2.auria.org\/index.php\/recursos\/jocs\/piano-virtual\/","title":{"rendered":"Piano Virtual"},"content":{"rendered":"\n<div class=\"wp-block-media-text alignwide is-stacked-on-mobile is-vertically-aligned-top\" style=\"grid-template-columns:34% auto\"><figure class=\"wp-block-media-text__media\"><a href=\"https:\/\/www.cokitos.com\/piano-virtual\/play\"><img loading=\"lazy\" decoding=\"async\" width=\"1000\" height=\"576\" src=\"https:\/\/nntt2.auria.org\/wp-content\/uploads\/2020\/10\/piano_virtual.png\" alt=\"\" class=\"wp-image-1569\" srcset=\"https:\/\/nntt2.auria.org\/wp-content\/uploads\/2020\/10\/piano_virtual.png 1000w, https:\/\/nntt2.auria.org\/wp-content\/uploads\/2020\/10\/piano_virtual-600x346.png 600w, https:\/\/nntt2.auria.org\/wp-content\/uploads\/2020\/10\/piano_virtual-300x173.png 300w, https:\/\/nntt2.auria.org\/wp-content\/uploads\/2020\/10\/piano_virtual-768x442.png 768w\" sizes=\"auto, (max-width: 1000px) 100vw, 1000px\" \/><\/a><\/figure><div class=\"wp-block-media-text__content\">\n<p>En aquesta ocasi\u00f3 us portem un piano virtual per tal de que tingueu la oportunitat d&#8217;experimentar amb els seu sons i esbrineu si sou els pr\u00f2xims Mozarts!<\/p>\n\n\n\n<p>Les notes estan especificades segons la codificaci\u00f3 anglesa. Aixo vol dir que el <strong>Do = C<\/strong>, <strong>Re = D<\/strong>, <strong>Mi = E<\/strong>, <strong>Fa = F<\/strong>, <strong>Sol = G<\/strong>, <strong>La = A<\/strong> i <strong>Si = B<\/strong>.<\/p>\n\n\n\n<p>Podreu escollir entre diferents tipologies de piano, <strong><em>Piano Type<\/em><\/strong>, les quals canvien els sons. Tamb\u00e9 teniu diferents tonalitats de foscor de les tecles del piano, <strong><em>Color Style<\/em><\/strong>. <\/p>\n\n\n\n<p>Per \u00faltim es pot configurar el piano per interaccionar amb ell mitjan\u00e7ant el teclat, seguint les instruccions que ens planteja la tecla del <strong><em>Key Bindings<\/em><\/strong>, per defecte la interacci\u00f3 \u00e9s pot fer amb el ratol\u00ed o mitjan\u00e7ant un dispositiu t\u00e0ctil.<\/p>\n\n\n\n<div class=\"wp-block-columns is-layout-flex wp-container-core-columns-is-layout-9d6595d7 wp-block-columns-is-layout-flex\">\n<div class=\"wp-block-column is-layout-flow wp-block-column-is-layout-flow\">\n<figure class=\"wp-block-image size-large\"><img loading=\"lazy\" decoding=\"async\" width=\"1024\" height=\"704\" src=\"https:\/\/nntt2.auria.org\/wp-content\/uploads\/2020\/06\/mouse-1024x704.jpg\" alt=\"\" class=\"wp-image-395\" srcset=\"https:\/\/nntt2.auria.org\/wp-content\/uploads\/2020\/06\/mouse-1024x704.jpg 1024w, https:\/\/nntt2.auria.org\/wp-content\/uploads\/2020\/06\/mouse-600x413.jpg 600w, https:\/\/nntt2.auria.org\/wp-content\/uploads\/2020\/06\/mouse-300x206.jpg 300w, https:\/\/nntt2.auria.org\/wp-content\/uploads\/2020\/06\/mouse-768x528.jpg 768w, https:\/\/nntt2.auria.org\/wp-content\/uploads\/2020\/06\/mouse.jpg 1291w\" sizes=\"auto, (max-width: 1024px) 100vw, 1024px\" \/><\/figure>\n<\/div>\n\n\n\n<div class=\"wp-block-column is-layout-flow wp-block-column-is-layout-flow\">\n<figure class=\"wp-block-image size-large\"><img loading=\"lazy\" decoding=\"async\" width=\"550\" height=\"420\" src=\"https:\/\/nntt2.auria.org\/wp-content\/uploads\/2020\/09\/tactil.png\" alt=\"\" class=\"wp-image-836\" srcset=\"https:\/\/nntt2.auria.org\/wp-content\/uploads\/2020\/09\/tactil.png 550w, https:\/\/nntt2.auria.org\/wp-content\/uploads\/2020\/09\/tactil-300x229.png 300w\" sizes=\"auto, (max-width: 550px) 100vw, 550px\" \/><\/figure>\n<\/div>\n\n\n\n<div class=\"wp-block-column is-layout-flow wp-block-column-is-layout-flow\">\n<figure class=\"wp-block-image size-large\"><img loading=\"lazy\" decoding=\"async\" width=\"724\" height=\"244\" src=\"https:\/\/nntt2.auria.org\/wp-content\/uploads\/2020\/06\/teclat_rock.png\" alt=\"\" class=\"wp-image-402\" srcset=\"https:\/\/nntt2.auria.org\/wp-content\/uploads\/2020\/06\/teclat_rock.png 724w, https:\/\/nntt2.auria.org\/wp-content\/uploads\/2020\/06\/teclat_rock-600x202.png 600w, https:\/\/nntt2.auria.org\/wp-content\/uploads\/2020\/06\/teclat_rock-300x101.png 300w\" sizes=\"auto, (max-width: 724px) 100vw, 724px\" \/><\/figure>\n<\/div>\n<\/div>\n<\/div><\/div>\n","protected":false},"excerpt":{"rendered":"","protected":false},"author":1,"featured_media":0,"parent":15,"menu_order":0,"comment_status":"closed","ping_status":"closed","template":"","meta":{"footnotes":""},"class_list":["post-1568","page","type-page","status-publish","hentry"],"_links":{"self":[{"href":"https:\/\/nntt2.auria.org\/index.php\/wp-json\/wp\/v2\/pages\/1568","targetHints":{"allow":["GET"]}}],"collection":[{"href":"https:\/\/nntt2.auria.org\/index.php\/wp-json\/wp\/v2\/pages"}],"about":[{"href":"https:\/\/nntt2.auria.org\/index.php\/wp-json\/wp\/v2\/types\/page"}],"author":[{"embeddable":true,"href":"https:\/\/nntt2.auria.org\/index.php\/wp-json\/wp\/v2\/users\/1"}],"replies":[{"embeddable":true,"href":"https:\/\/nntt2.auria.org\/index.php\/wp-json\/wp\/v2\/comments?post=1568"}],"version-history":[{"count":1,"href":"https:\/\/nntt2.auria.org\/index.php\/wp-json\/wp\/v2\/pages\/1568\/revisions"}],"predecessor-version":[{"id":1570,"href":"https:\/\/nntt2.auria.org\/index.php\/wp-json\/wp\/v2\/pages\/1568\/revisions\/1570"}],"up":[{"embeddable":true,"href":"https:\/\/nntt2.auria.org\/index.php\/wp-json\/wp\/v2\/pages\/15"}],"wp:attachment":[{"href":"https:\/\/nntt2.auria.org\/index.php\/wp-json\/wp\/v2\/media?parent=1568"}],"curies":[{"name":"wp","href":"https:\/\/api.w.org\/{rel}","templated":true}]}}