{"id":1549,"date":"2020-10-26T12:43:40","date_gmt":"2020-10-26T12:43:40","guid":{"rendered":"https:\/\/nntt.auria.org\/?page_id=1549"},"modified":"2020-10-26T16:09:02","modified_gmt":"2020-10-26T16:09:02","slug":"t-rex-runner","status":"publish","type":"page","link":"https:\/\/nntt2.auria.org\/index.php\/recursos\/jocs\/t-rex-runner\/","title":{"rendered":"T-Rex Runner"},"content":{"rendered":"\n<div class=\"wp-block-media-text alignwide is-stacked-on-mobile is-vertically-aligned-top\" style=\"grid-template-columns:34% auto\"><figure class=\"wp-block-media-text__media\"><a href=\"https:\/\/wayou.github.io\/t-rex-runner\/\" target=\"_blank\" rel=\"noopener noreferrer\"><img loading=\"lazy\" decoding=\"async\" width=\"414\" height=\"413\" src=\"https:\/\/nntt2.auria.org\/wp-content\/uploads\/2020\/10\/MiniJocDinasaure.jpg\" alt=\"\" class=\"wp-image-1527\" srcset=\"https:\/\/nntt2.auria.org\/wp-content\/uploads\/2020\/10\/MiniJocDinasaure.jpg 414w, https:\/\/nntt2.auria.org\/wp-content\/uploads\/2020\/10\/MiniJocDinasaure-300x300.jpg 300w, https:\/\/nntt2.auria.org\/wp-content\/uploads\/2020\/10\/MiniJocDinasaure-100x100.jpg 100w, https:\/\/nntt2.auria.org\/wp-content\/uploads\/2020\/10\/MiniJocDinasaure-150x150.jpg 150w\" sizes=\"auto, (max-width: 414px) 100vw, 414px\" \/><\/a><\/figure><div class=\"wp-block-media-text__content\">\n<p>Originalment aquest joc va apar\u00e8ixer en la p\u00e0gina d&#8217;error de connexi\u00f3 del navegador de Google, Google Chrome. Posteriorment s&#8217;hi han fet moltes r\u00e8pliques per tal de poder jugar sense la necessitat de desconnectar l&#8217;ordinador.<\/p>\n\n\n\n<p>Afegim aquest joc a la col\u00b7lecci\u00f3 perqu\u00e8 creiem que \u00e9s un joc simple i el seu funcionament nom\u00e9s requereix una sola tecla, la barra espaiadora, per tant \u00e9s perfecte per adaptar-lo a un polsador.<\/p>\n\n\n\n<div class=\"wp-block-columns is-layout-flex wp-container-core-columns-is-layout-9d6595d7 wp-block-columns-is-layout-flex\">\n<div class=\"wp-block-column is-layout-flow wp-block-column-is-layout-flow\">\n<figure class=\"wp-block-image size-large\"><img loading=\"lazy\" decoding=\"async\" width=\"1024\" height=\"341\" src=\"https:\/\/nntt2.auria.org\/wp-content\/uploads\/2020\/10\/spacebar_key-1024x341.png\" alt=\"\" class=\"wp-image-1344\" srcset=\"https:\/\/nntt2.auria.org\/wp-content\/uploads\/2020\/10\/spacebar_key-1024x341.png 1024w, https:\/\/nntt2.auria.org\/wp-content\/uploads\/2020\/10\/spacebar_key-600x200.png 600w, https:\/\/nntt2.auria.org\/wp-content\/uploads\/2020\/10\/spacebar_key-300x100.png 300w, https:\/\/nntt2.auria.org\/wp-content\/uploads\/2020\/10\/spacebar_key-768x256.png 768w, https:\/\/nntt2.auria.org\/wp-content\/uploads\/2020\/10\/spacebar_key.png 1200w\" sizes=\"auto, (max-width: 1024px) 100vw, 1024px\" \/><\/figure>\n<\/div>\n\n\n\n<div class=\"wp-block-column is-layout-flow wp-block-column-is-layout-flow\">\n<figure class=\"wp-block-image size-large\"><img loading=\"lazy\" decoding=\"async\" width=\"1024\" height=\"545\" src=\"https:\/\/nntt2.auria.org\/wp-content\/uploads\/2020\/09\/switch_red.jpg\" alt=\"\" class=\"wp-image-845\" srcset=\"https:\/\/nntt2.auria.org\/wp-content\/uploads\/2020\/09\/switch_red.jpg 1024w, https:\/\/nntt2.auria.org\/wp-content\/uploads\/2020\/09\/switch_red-600x319.jpg 600w, https:\/\/nntt2.auria.org\/wp-content\/uploads\/2020\/09\/switch_red-300x160.jpg 300w, https:\/\/nntt2.auria.org\/wp-content\/uploads\/2020\/09\/switch_red-768x409.jpg 768w\" sizes=\"auto, (max-width: 1024px) 100vw, 1024px\" \/><\/figure>\n<\/div>\n<\/div>\n\n\n\n<p>Com podreu veure a la seg\u00fcent imatge, l&#8217;objectiu del joc \u00e9s esquivar el m\u00e0xim d&#8217;obstacles -cactus, ocells, etc.- possibles per tal de recorre la m\u00e0xima dist\u00e0ncia possible. Per fer-ho, tal com hem dit pr\u00e8viament, haurem de pr\u00e9mer la barra espaiadora per tal que el T-Rex salti en el moment adequat.<\/p>\n\n\n\n<figure class=\"wp-block-image size-large\"><img loading=\"lazy\" decoding=\"async\" width=\"760\" height=\"210\" src=\"https:\/\/nntt2.auria.org\/wp-content\/uploads\/2020\/10\/T-Rex_Runner.png\" alt=\"\" class=\"wp-image-1550\" srcset=\"https:\/\/nntt2.auria.org\/wp-content\/uploads\/2020\/10\/T-Rex_Runner.png 760w, https:\/\/nntt2.auria.org\/wp-content\/uploads\/2020\/10\/T-Rex_Runner-600x166.png 600w, https:\/\/nntt2.auria.org\/wp-content\/uploads\/2020\/10\/T-Rex_Runner-300x83.png 300w\" sizes=\"auto, (max-width: 760px) 100vw, 760px\" \/><\/figure>\n\n\n\n<p>Podreu consultar la vostra puntuaci\u00f3 si us fixeu en el marcador que hi ha a la cantonada superior dreta.<\/p>\n\n\n\n<p><\/p>\n<\/div><\/div>\n","protected":false},"excerpt":{"rendered":"","protected":false},"author":1,"featured_media":0,"parent":15,"menu_order":0,"comment_status":"closed","ping_status":"closed","template":"","meta":{"footnotes":""},"class_list":["post-1549","page","type-page","status-publish","hentry"],"_links":{"self":[{"href":"https:\/\/nntt2.auria.org\/index.php\/wp-json\/wp\/v2\/pages\/1549","targetHints":{"allow":["GET"]}}],"collection":[{"href":"https:\/\/nntt2.auria.org\/index.php\/wp-json\/wp\/v2\/pages"}],"about":[{"href":"https:\/\/nntt2.auria.org\/index.php\/wp-json\/wp\/v2\/types\/page"}],"author":[{"embeddable":true,"href":"https:\/\/nntt2.auria.org\/index.php\/wp-json\/wp\/v2\/users\/1"}],"replies":[{"embeddable":true,"href":"https:\/\/nntt2.auria.org\/index.php\/wp-json\/wp\/v2\/comments?post=1549"}],"version-history":[{"count":1,"href":"https:\/\/nntt2.auria.org\/index.php\/wp-json\/wp\/v2\/pages\/1549\/revisions"}],"predecessor-version":[{"id":1551,"href":"https:\/\/nntt2.auria.org\/index.php\/wp-json\/wp\/v2\/pages\/1549\/revisions\/1551"}],"up":[{"embeddable":true,"href":"https:\/\/nntt2.auria.org\/index.php\/wp-json\/wp\/v2\/pages\/15"}],"wp:attachment":[{"href":"https:\/\/nntt2.auria.org\/index.php\/wp-json\/wp\/v2\/media?parent=1549"}],"curies":[{"name":"wp","href":"https:\/\/api.w.org\/{rel}","templated":true}]}}