{"id":1113,"date":"2020-10-07T15:35:34","date_gmt":"2020-10-07T15:35:34","guid":{"rendered":"https:\/\/nntt.auria.org\/?page_id=1113"},"modified":"2020-10-16T17:26:50","modified_gmt":"2020-10-16T17:26:50","slug":"soccer-physics","status":"publish","type":"page","link":"https:\/\/nntt2.auria.org\/index.php\/recursos\/descarregues\/per-ordinador\/soccer-physics\/","title":{"rendered":"Soccer Physics"},"content":{"rendered":"\n<div class=\"wp-block-media-text alignwide is-stacked-on-mobile is-vertically-aligned-top\" style=\"grid-template-columns:29% auto\"><figure class=\"wp-block-media-text__media\"><img loading=\"lazy\" decoding=\"async\" width=\"1000\" height=\"568\" src=\"https:\/\/nntt2.auria.org\/wp-content\/uploads\/2020\/10\/soccer_physics.png\" alt=\"\" class=\"wp-image-997\" srcset=\"https:\/\/nntt2.auria.org\/wp-content\/uploads\/2020\/10\/soccer_physics.png 1000w, https:\/\/nntt2.auria.org\/wp-content\/uploads\/2020\/10\/soccer_physics-600x341.png 600w, https:\/\/nntt2.auria.org\/wp-content\/uploads\/2020\/10\/soccer_physics-300x170.png 300w, https:\/\/nntt2.auria.org\/wp-content\/uploads\/2020\/10\/soccer_physics-768x436.png 768w\" sizes=\"auto, (max-width: 1000px) 100vw, 1000px\" \/><\/figure><div class=\"wp-block-media-text__content\">\n<p>Joc absurd per\u00f2 molt divertit per a 1 o 2 jugadors.<\/p>\n\n\n\n<p>Nosaltres serem els jugadors d&#8217;un at\u00edpic partit de futbol on els equips nom\u00e9s tenen dos jugadors i aquest nom\u00e9s saben saltar per intentar marcar i que no els marquin.<\/p>\n\n\n\n<p>Per tal de fer-ho en aquesta ocasi\u00f3 la tecla amb la fletxa cap amunt ser\u00e0 la que far\u00e0 saltar als jugadors.<\/p>\n\n\n\n<div class=\"wp-block-columns is-layout-flex wp-container-core-columns-is-layout-9d6595d7 wp-block-columns-is-layout-flex\">\n<div class=\"wp-block-column is-layout-flow wp-block-column-is-layout-flow\">\n<figure class=\"wp-block-image size-large is-resized\"><img loading=\"lazy\" decoding=\"async\" src=\"https:\/\/nntt2.auria.org\/wp-content\/uploads\/2020\/10\/up_arrow.png\" alt=\"\" class=\"wp-image-1370\" width=\"216\" height=\"216\" srcset=\"https:\/\/nntt2.auria.org\/wp-content\/uploads\/2020\/10\/up_arrow.png 512w, https:\/\/nntt2.auria.org\/wp-content\/uploads\/2020\/10\/up_arrow-300x300.png 300w, https:\/\/nntt2.auria.org\/wp-content\/uploads\/2020\/10\/up_arrow-100x100.png 100w, https:\/\/nntt2.auria.org\/wp-content\/uploads\/2020\/10\/up_arrow-150x150.png 150w\" sizes=\"auto, (max-width: 216px) 100vw, 216px\" \/><\/figure>\n<\/div>\n\n\n\n<div class=\"wp-block-column is-layout-flow wp-block-column-is-layout-flow\">\n<figure class=\"wp-block-image size-large is-resized\"><img loading=\"lazy\" decoding=\"async\" src=\"https:\/\/nntt2.auria.org\/wp-content\/uploads\/2020\/09\/switch_red.jpg\" alt=\"\" class=\"wp-image-845\" width=\"256\" height=\"136\" srcset=\"https:\/\/nntt2.auria.org\/wp-content\/uploads\/2020\/09\/switch_red.jpg 1024w, https:\/\/nntt2.auria.org\/wp-content\/uploads\/2020\/09\/switch_red-600x319.jpg 600w, https:\/\/nntt2.auria.org\/wp-content\/uploads\/2020\/09\/switch_red-300x160.jpg 300w, https:\/\/nntt2.auria.org\/wp-content\/uploads\/2020\/09\/switch_red-768x409.jpg 768w\" sizes=\"auto, (max-width: 256px) 100vw, 256px\" \/><\/figure>\n<\/div>\n<\/div>\n\n\n\n<p>Objectiu marcar i que no et marquin, vigileu de no marcar-vos en pr\u00f2pia porteria.<\/p>\n\n\n\n<p>\u00das podeu descarregar el joc fent clic <a href=\"https:\/\/www.oneswitch.org.uk\/OS-REPOSITORY\/GAMES\/PC\/DOWNLOAD\/SPORT\/SoccerPhysicsWin.zip\"><strong><em>aqu\u00ed<\/em><\/strong><\/a>. La desc\u00e0rrega es realitzar\u00e0 des del repositori de jocs de <a rel=\"noreferrer noopener\" href=\"https:\/\/www.oneswitch.org.uk\/art.php?id=28\" target=\"_blank\">One Switch<\/a>, podreu trobar m\u00e9s informaci\u00f3 sobre aquesta iniciativa a l&#8217;apartat d&#8217;<a rel=\"noreferrer noopener\" href=\"https:\/\/nntt2.auria.org\/index.php\/recursos\/accessibilitat\/\" target=\"_blank\">Accessibilitat<\/a>, \u00fas animem que cerqueu altres jocs que puguin ser del vostre inter\u00e8s.<\/p>\n<\/div><\/div>\n","protected":false},"excerpt":{"rendered":"","protected":false},"author":1,"featured_media":0,"parent":892,"menu_order":0,"comment_status":"closed","ping_status":"closed","template":"","meta":{"footnotes":""},"class_list":["post-1113","page","type-page","status-publish","hentry"],"_links":{"self":[{"href":"https:\/\/nntt2.auria.org\/index.php\/wp-json\/wp\/v2\/pages\/1113","targetHints":{"allow":["GET"]}}],"collection":[{"href":"https:\/\/nntt2.auria.org\/index.php\/wp-json\/wp\/v2\/pages"}],"about":[{"href":"https:\/\/nntt2.auria.org\/index.php\/wp-json\/wp\/v2\/types\/page"}],"author":[{"embeddable":true,"href":"https:\/\/nntt2.auria.org\/index.php\/wp-json\/wp\/v2\/users\/1"}],"replies":[{"embeddable":true,"href":"https:\/\/nntt2.auria.org\/index.php\/wp-json\/wp\/v2\/comments?post=1113"}],"version-history":[{"count":4,"href":"https:\/\/nntt2.auria.org\/index.php\/wp-json\/wp\/v2\/pages\/1113\/revisions"}],"predecessor-version":[{"id":1441,"href":"https:\/\/nntt2.auria.org\/index.php\/wp-json\/wp\/v2\/pages\/1113\/revisions\/1441"}],"up":[{"embeddable":true,"href":"https:\/\/nntt2.auria.org\/index.php\/wp-json\/wp\/v2\/pages\/892"}],"wp:attachment":[{"href":"https:\/\/nntt2.auria.org\/index.php\/wp-json\/wp\/v2\/media?parent=1113"}],"curies":[{"name":"wp","href":"https:\/\/api.w.org\/{rel}","templated":true}]}}