{"id":1106,"date":"2020-10-07T15:10:55","date_gmt":"2020-10-07T15:10:55","guid":{"rendered":"https:\/\/nntt.auria.org\/?page_id=1106"},"modified":"2020-10-16T16:51:53","modified_gmt":"2020-10-16T16:51:53","slug":"puzzle-picture","status":"publish","type":"page","link":"https:\/\/nntt2.auria.org\/index.php\/recursos\/descarregues\/per-ordinador\/puzzle-picture\/","title":{"rendered":"Puzzle Picture"},"content":{"rendered":"\n<div class=\"wp-block-media-text alignwide is-stacked-on-mobile is-vertically-aligned-top\" style=\"grid-template-columns:29% auto\"><figure class=\"wp-block-media-text__media\"><img loading=\"lazy\" decoding=\"async\" width=\"1000\" height=\"768\" src=\"https:\/\/nntt2.auria.org\/wp-content\/uploads\/2020\/10\/picture_puzzle.png\" alt=\"\" class=\"wp-image-993\" srcset=\"https:\/\/nntt2.auria.org\/wp-content\/uploads\/2020\/10\/picture_puzzle.png 1000w, https:\/\/nntt2.auria.org\/wp-content\/uploads\/2020\/10\/picture_puzzle-600x461.png 600w, https:\/\/nntt2.auria.org\/wp-content\/uploads\/2020\/10\/picture_puzzle-300x230.png 300w, https:\/\/nntt2.auria.org\/wp-content\/uploads\/2020\/10\/picture_puzzle-768x590.png 768w\" sizes=\"auto, (max-width: 1000px) 100vw, 1000px\" \/><\/figure><div class=\"wp-block-media-text__content\">\n<p>Joc de puzles accessible per\u00f2 no per aix\u00f2 trivial. El funcionament d&#8217;aquest joc \u00e9s una mica complex inicialment.<\/p>\n\n\n\n<p>Un cop s&#8217;ha escollit el puzle que es vol fer l&#8217;\u00fanica tecla que haurem d&#8217;utilitzar ser\u00e0 la barra espaiadora.<\/p>\n\n\n\n<div class=\"wp-block-columns is-layout-flex wp-container-core-columns-is-layout-9d6595d7 wp-block-columns-is-layout-flex\">\n<div class=\"wp-block-column is-layout-flow wp-block-column-is-layout-flow\">\n<figure class=\"wp-block-image size-large is-resized\"><img loading=\"lazy\" decoding=\"async\" src=\"https:\/\/nntt2.auria.org\/wp-content\/uploads\/2020\/10\/spacebar_key-1024x341.png\" alt=\"\" class=\"wp-image-1344\" width=\"358\" height=\"131\"\/><\/figure>\n<\/div>\n\n\n\n<div class=\"wp-block-column is-layout-flow wp-block-column-is-layout-flow\">\n<figure class=\"wp-block-image size-large is-resized\"><img loading=\"lazy\" decoding=\"async\" src=\"https:\/\/nntt2.auria.org\/wp-content\/uploads\/2020\/09\/switch_red.jpg\" alt=\"\" class=\"wp-image-845\" width=\"256\" height=\"136\" srcset=\"https:\/\/nntt2.auria.org\/wp-content\/uploads\/2020\/09\/switch_red.jpg 1024w, https:\/\/nntt2.auria.org\/wp-content\/uploads\/2020\/09\/switch_red-600x319.jpg 600w, https:\/\/nntt2.auria.org\/wp-content\/uploads\/2020\/09\/switch_red-300x160.jpg 300w, https:\/\/nntt2.auria.org\/wp-content\/uploads\/2020\/09\/switch_red-768x409.jpg 768w\" sizes=\"auto, (max-width: 256px) 100vw, 256px\" \/><\/figure>\n<\/div>\n<\/div>\n\n\n\n<p>Si premem una sola vegada, canviarem de pe\u00e7a del puzle.<\/p>\n\n\n\n<p>Si volem despla\u00e7ar la pe\u00e7a del&nbsp;puzle&nbsp;seleccionada, haurem de&nbsp;mantenir&nbsp;la barra premuda, la direcci\u00f3 a la qual es despla\u00e7ar\u00e0 la pe\u00e7a ve determinada per la fletxa que va donant voltes a l&#8217;esfera\/rellotge que es troba a la cantonada inferior esquerra.<\/p>\n\n\n\n<figure class=\"wp-block-image size-large is-resized\"><img loading=\"lazy\" decoding=\"async\" src=\"https:\/\/nntt2.auria.org\/wp-content\/uploads\/2020\/10\/picture_puzzle_2.png\" alt=\"\" class=\"wp-image-994\" width=\"534\" height=\"410\" srcset=\"https:\/\/nntt2.auria.org\/wp-content\/uploads\/2020\/10\/picture_puzzle_2.png 1000w, https:\/\/nntt2.auria.org\/wp-content\/uploads\/2020\/10\/picture_puzzle_2-600x461.png 600w, https:\/\/nntt2.auria.org\/wp-content\/uploads\/2020\/10\/picture_puzzle_2-300x230.png 300w, https:\/\/nntt2.auria.org\/wp-content\/uploads\/2020\/10\/picture_puzzle_2-768x590.png 768w\" sizes=\"auto, (max-width: 534px) 100vw, 534px\" \/><figcaption>En aquesta imatge podeu observar que la fletxa que marca la direcci\u00f3 est\u00e0 apuntant la cantonada superior esquerra.<\/figcaption><\/figure>\n\n\n\n<p>Inicialment el joc requereix un aprenentatge per\u00f2 posteriorment adquireix una certa l\u00f2gica.<\/p>\n\n\n\n<p>\u00das podeu descarregar el joc fent clic <a href=\"https:\/\/www.oneswitch.org.uk\/OS-REPOSITORY\/GAMES\/PC\/DOWNLOAD\/PUZZLE-SKILL\/Picture_Puzzle.zip\"><strong><em>aqu\u00ed<\/em><\/strong><\/a>. La desc\u00e0rrega es realitzar\u00e0 des del repositori de jocs de <a rel=\"noreferrer noopener\" href=\"https:\/\/www.oneswitch.org.uk\/art.php?id=28\" target=\"_blank\">One Switch<\/a>, podreu trobar m\u00e9s informaci\u00f3 sobre aquesta iniciativa a l&#8217;apartat d&#8217;<a rel=\"noreferrer noopener\" href=\"https:\/\/nntt2.auria.org\/index.php\/recursos\/accessibilitat\/\" target=\"_blank\">Accessibilitat<\/a>, \u00fas animem que cerqueu altres jocs que puguin ser del vostre inter\u00e8s.<\/p>\n<\/div><\/div>\n","protected":false},"excerpt":{"rendered":"","protected":false},"author":1,"featured_media":0,"parent":892,"menu_order":0,"comment_status":"closed","ping_status":"closed","template":"","meta":{"footnotes":""},"class_list":["post-1106","page","type-page","status-publish","hentry"],"_links":{"self":[{"href":"https:\/\/nntt2.auria.org\/index.php\/wp-json\/wp\/v2\/pages\/1106","targetHints":{"allow":["GET"]}}],"collection":[{"href":"https:\/\/nntt2.auria.org\/index.php\/wp-json\/wp\/v2\/pages"}],"about":[{"href":"https:\/\/nntt2.auria.org\/index.php\/wp-json\/wp\/v2\/types\/page"}],"author":[{"embeddable":true,"href":"https:\/\/nntt2.auria.org\/index.php\/wp-json\/wp\/v2\/users\/1"}],"replies":[{"embeddable":true,"href":"https:\/\/nntt2.auria.org\/index.php\/wp-json\/wp\/v2\/comments?post=1106"}],"version-history":[{"count":6,"href":"https:\/\/nntt2.auria.org\/index.php\/wp-json\/wp\/v2\/pages\/1106\/revisions"}],"predecessor-version":[{"id":1436,"href":"https:\/\/nntt2.auria.org\/index.php\/wp-json\/wp\/v2\/pages\/1106\/revisions\/1436"}],"up":[{"embeddable":true,"href":"https:\/\/nntt2.auria.org\/index.php\/wp-json\/wp\/v2\/pages\/892"}],"wp:attachment":[{"href":"https:\/\/nntt2.auria.org\/index.php\/wp-json\/wp\/v2\/media?parent=1106"}],"curies":[{"name":"wp","href":"https:\/\/api.w.org\/{rel}","templated":true}]}}