{"id":1102,"date":"2020-10-07T15:02:42","date_gmt":"2020-10-07T15:02:42","guid":{"rendered":"https:\/\/nntt.auria.org\/?page_id=1102"},"modified":"2020-10-16T16:36:38","modified_gmt":"2020-10-16T16:36:38","slug":"miss-meteo","status":"publish","type":"page","link":"https:\/\/nntt2.auria.org\/index.php\/recursos\/descarregues\/per-ordinador\/miss-meteo\/","title":{"rendered":"Miss Meteo"},"content":{"rendered":"\n<div class=\"wp-block-media-text alignwide is-stacked-on-mobile is-vertically-aligned-top\" style=\"grid-template-columns:29% auto\"><figure class=\"wp-block-media-text__media\"><img loading=\"lazy\" decoding=\"async\" width=\"642\" height=\"751\" src=\"https:\/\/nntt2.auria.org\/wp-content\/uploads\/2020\/10\/miss_meto.png\" alt=\"\" class=\"wp-image-990\" srcset=\"https:\/\/nntt2.auria.org\/wp-content\/uploads\/2020\/10\/miss_meto.png 642w, https:\/\/nntt2.auria.org\/wp-content\/uploads\/2020\/10\/miss_meto-600x702.png 600w, https:\/\/nntt2.auria.org\/wp-content\/uploads\/2020\/10\/miss_meto-256x300.png 256w\" sizes=\"auto, (max-width: 642px) 100vw, 642px\" \/><\/figure><div class=\"wp-block-media-text__content\">\n<p>Miss&nbsp;Meteo&nbsp;\u00e9s un joc en el qual la protagonista \u00e9s una noia que vola pels aires gr\u00e0cies al seu paraigua.<\/p>\n\n\n\n<p>La seva missi\u00f3 \u00e9s arribar tan amunt com li sigui possible i pel cam\u00ed esquivar els n\u00favols i altres obstacles que li faran m\u00e9s dif\u00edcil el cam\u00ed.<\/p>\n\n\n\n<p>Si trobes algun globus i el rebentes obtindr\u00e0s m\u00e9s punts i qui arribi m\u00e9s amunt tamb\u00e9.<\/p>\n\n\n\n<p>La interacci\u00f3 amb aquest joc est\u00e0 pensada per dur-se a terme nom\u00e9s amb una tecla\/polsador.<\/p>\n\n\n\n<p>La Miss&nbsp;Meteo&nbsp;s&#8217;anir\u00e0 balancejant i en el moment en qu\u00e8 premem la barra espaiadora es despla\u00e7a cap aquella direcci\u00f3, vigileu perqu\u00e8 si la Miss&nbsp;Meteo&nbsp;cau perdreu una vida!<\/p>\n\n\n\n<div class=\"wp-block-columns is-layout-flex wp-container-core-columns-is-layout-9d6595d7 wp-block-columns-is-layout-flex\">\n<div class=\"wp-block-column is-layout-flow wp-block-column-is-layout-flow\">\n<figure class=\"wp-block-image size-large is-resized\"><img loading=\"lazy\" decoding=\"async\" src=\"https:\/\/nntt2.auria.org\/wp-content\/uploads\/2020\/10\/spacebar_key-1024x341.png\" alt=\"\" class=\"wp-image-1344\" width=\"360\" height=\"132\"\/><\/figure>\n<\/div>\n\n\n\n<div class=\"wp-block-column is-layout-flow wp-block-column-is-layout-flow\">\n<figure class=\"wp-block-image size-large is-resized\"><img loading=\"lazy\" decoding=\"async\" src=\"https:\/\/nntt2.auria.org\/wp-content\/uploads\/2020\/09\/switch_red.jpg\" alt=\"\" class=\"wp-image-845\" width=\"256\" height=\"136\" srcset=\"https:\/\/nntt2.auria.org\/wp-content\/uploads\/2020\/09\/switch_red.jpg 1024w, https:\/\/nntt2.auria.org\/wp-content\/uploads\/2020\/09\/switch_red-600x319.jpg 600w, https:\/\/nntt2.auria.org\/wp-content\/uploads\/2020\/09\/switch_red-300x160.jpg 300w, https:\/\/nntt2.auria.org\/wp-content\/uploads\/2020\/09\/switch_red-768x409.jpg 768w\" sizes=\"auto, (max-width: 256px) 100vw, 256px\" \/><\/figure>\n<\/div>\n<\/div>\n\n\n\n<p>\u00das podeu descarregar el joc fent clic <a href=\"https:\/\/www.oneswitch.org.uk\/OS-REPOSITORY\/GAMES\/PC\/DOWNLOAD\/VARIOUS\/Miss-Meteo-%28Globz%29.zip\"><strong><em>aqu\u00ed<\/em><\/strong><\/a>. La desc\u00e0rrega es realitzar\u00e0 des del repositori de jocs de <a rel=\"noreferrer noopener\" href=\"https:\/\/www.oneswitch.org.uk\/art.php?id=28\" target=\"_blank\">One Switch<\/a>, podreu trobar m\u00e9s informaci\u00f3 sobre aquesta iniciativa a l&#8217;apartat d&#8217;<a rel=\"noreferrer noopener\" href=\"https:\/\/nntt2.auria.org\/index.php\/recursos\/accessibilitat\/\" target=\"_blank\">Accessibilitat<\/a>, \u00fas animem que cerqueu altres jocs que puguin ser del vostre inter\u00e8s.<\/p>\n<\/div><\/div>\n","protected":false},"excerpt":{"rendered":"","protected":false},"author":1,"featured_media":0,"parent":892,"menu_order":0,"comment_status":"closed","ping_status":"closed","template":"","meta":{"footnotes":""},"class_list":["post-1102","page","type-page","status-publish","hentry"],"_links":{"self":[{"href":"https:\/\/nntt2.auria.org\/index.php\/wp-json\/wp\/v2\/pages\/1102","targetHints":{"allow":["GET"]}}],"collection":[{"href":"https:\/\/nntt2.auria.org\/index.php\/wp-json\/wp\/v2\/pages"}],"about":[{"href":"https:\/\/nntt2.auria.org\/index.php\/wp-json\/wp\/v2\/types\/page"}],"author":[{"embeddable":true,"href":"https:\/\/nntt2.auria.org\/index.php\/wp-json\/wp\/v2\/users\/1"}],"replies":[{"embeddable":true,"href":"https:\/\/nntt2.auria.org\/index.php\/wp-json\/wp\/v2\/comments?post=1102"}],"version-history":[{"count":5,"href":"https:\/\/nntt2.auria.org\/index.php\/wp-json\/wp\/v2\/pages\/1102\/revisions"}],"predecessor-version":[{"id":1433,"href":"https:\/\/nntt2.auria.org\/index.php\/wp-json\/wp\/v2\/pages\/1102\/revisions\/1433"}],"up":[{"embeddable":true,"href":"https:\/\/nntt2.auria.org\/index.php\/wp-json\/wp\/v2\/pages\/892"}],"wp:attachment":[{"href":"https:\/\/nntt2.auria.org\/index.php\/wp-json\/wp\/v2\/media?parent=1102"}],"curies":[{"name":"wp","href":"https:\/\/api.w.org\/{rel}","templated":true}]}}