{"id":1100,"date":"2020-10-07T15:00:05","date_gmt":"2020-10-07T15:00:05","guid":{"rendered":"https:\/\/nntt.auria.org\/?page_id=1100"},"modified":"2020-10-16T16:34:11","modified_gmt":"2020-10-16T16:34:11","slug":"mini-golf-accessible","status":"publish","type":"page","link":"https:\/\/nntt2.auria.org\/index.php\/recursos\/descarregues\/per-ordinador\/mini-golf-accessible\/","title":{"rendered":"Mini Golf Accessible"},"content":{"rendered":"\n<div class=\"wp-block-media-text alignwide is-stacked-on-mobile is-vertically-aligned-top\" style=\"grid-template-columns:29% auto\"><figure class=\"wp-block-media-text__media\"><img loading=\"lazy\" decoding=\"async\" width=\"799\" height=\"599\" src=\"https:\/\/nntt2.auria.org\/wp-content\/uploads\/2020\/10\/mini_golf_accessible.png\" alt=\"\" class=\"wp-image-989\" srcset=\"https:\/\/nntt2.auria.org\/wp-content\/uploads\/2020\/10\/mini_golf_accessible.png 799w, https:\/\/nntt2.auria.org\/wp-content\/uploads\/2020\/10\/mini_golf_accessible-600x450.png 600w, https:\/\/nntt2.auria.org\/wp-content\/uploads\/2020\/10\/mini_golf_accessible-300x225.png 300w, https:\/\/nntt2.auria.org\/wp-content\/uploads\/2020\/10\/mini_golf_accessible-768x576.png 768w\" sizes=\"auto, (max-width: 799px) 100vw, 799px\" \/><\/figure><div class=\"wp-block-media-text__content\">\n<p>Tal com el seu nom indica aquest joc emula una tarda al minigolf i est\u00e0 pensat perqu\u00e8 sigui el m\u00e0xim d&#8217;accessible possible.<\/p>\n\n\n\n<p>Ens ofereix tres modalitats diferents: una sola tecla\/polsador, mitjan\u00e7ant el ratol\u00ed\/control per mirada i finalment utilitzant el teclat\/m\u00e9s d&#8217;una tecla.<\/p>\n\n\n\n<div class=\"wp-block-columns is-layout-flex wp-container-core-columns-is-layout-9d6595d7 wp-block-columns-is-layout-flex\">\n<div class=\"wp-block-column is-layout-flow wp-block-column-is-layout-flow\">\n<figure class=\"wp-block-image size-large is-resized\"><img loading=\"lazy\" decoding=\"async\" src=\"https:\/\/nntt2.auria.org\/wp-content\/uploads\/2020\/09\/switch_red.jpg\" alt=\"\" class=\"wp-image-845\" width=\"211\" height=\"112\" srcset=\"https:\/\/nntt2.auria.org\/wp-content\/uploads\/2020\/09\/switch_red.jpg 1024w, https:\/\/nntt2.auria.org\/wp-content\/uploads\/2020\/09\/switch_red-600x319.jpg 600w, https:\/\/nntt2.auria.org\/wp-content\/uploads\/2020\/09\/switch_red-300x160.jpg 300w, https:\/\/nntt2.auria.org\/wp-content\/uploads\/2020\/09\/switch_red-768x409.jpg 768w\" sizes=\"auto, (max-width: 211px) 100vw, 211px\" \/><\/figure>\n<\/div>\n\n\n\n<div class=\"wp-block-column is-layout-flow wp-block-column-is-layout-flow\">\n<figure class=\"wp-block-image size-large is-resized\"><img loading=\"lazy\" decoding=\"async\" src=\"https:\/\/nntt2.auria.org\/wp-content\/uploads\/2020\/06\/mouse-1024x704.jpg\" alt=\"\" class=\"wp-image-395\" width=\"196\" height=\"135\" srcset=\"https:\/\/nntt2.auria.org\/wp-content\/uploads\/2020\/06\/mouse-1024x704.jpg 1024w, https:\/\/nntt2.auria.org\/wp-content\/uploads\/2020\/06\/mouse-600x413.jpg 600w, https:\/\/nntt2.auria.org\/wp-content\/uploads\/2020\/06\/mouse-300x206.jpg 300w, https:\/\/nntt2.auria.org\/wp-content\/uploads\/2020\/06\/mouse-768x528.jpg 768w, https:\/\/nntt2.auria.org\/wp-content\/uploads\/2020\/06\/mouse.jpg 1291w\" sizes=\"auto, (max-width: 196px) 100vw, 196px\" \/><\/figure>\n<\/div>\n\n\n\n<div class=\"wp-block-column is-layout-flow wp-block-column-is-layout-flow\">\n<figure class=\"wp-block-image size-large\"><img loading=\"lazy\" decoding=\"async\" width=\"724\" height=\"244\" src=\"https:\/\/nntt2.auria.org\/wp-content\/uploads\/2020\/06\/teclat_rock.png\" alt=\"\" class=\"wp-image-402\" srcset=\"https:\/\/nntt2.auria.org\/wp-content\/uploads\/2020\/06\/teclat_rock.png 724w, https:\/\/nntt2.auria.org\/wp-content\/uploads\/2020\/06\/teclat_rock-600x202.png 600w, https:\/\/nntt2.auria.org\/wp-content\/uploads\/2020\/06\/teclat_rock-300x101.png 300w\" sizes=\"auto, (max-width: 724px) 100vw, 724px\" \/><\/figure>\n<\/div>\n<\/div>\n\n\n\n<div class=\"wp-block-columns is-layout-flex wp-container-core-columns-is-layout-9d6595d7 wp-block-columns-is-layout-flex\">\n<div class=\"wp-block-column is-layout-flow wp-block-column-is-layout-flow\">\n<div class=\"wp-block-image\"><figure class=\"alignleft size-large\"><img loading=\"lazy\" decoding=\"async\" width=\"1024\" height=\"341\" src=\"https:\/\/nntt2.auria.org\/wp-content\/uploads\/2020\/10\/spacebar_key-1024x341.png\" alt=\"\" class=\"wp-image-1344\" srcset=\"https:\/\/nntt2.auria.org\/wp-content\/uploads\/2020\/10\/spacebar_key-1024x341.png 1024w, https:\/\/nntt2.auria.org\/wp-content\/uploads\/2020\/10\/spacebar_key-600x200.png 600w, https:\/\/nntt2.auria.org\/wp-content\/uploads\/2020\/10\/spacebar_key-300x100.png 300w, https:\/\/nntt2.auria.org\/wp-content\/uploads\/2020\/10\/spacebar_key-768x256.png 768w, https:\/\/nntt2.auria.org\/wp-content\/uploads\/2020\/10\/spacebar_key.png 1200w\" sizes=\"auto, (max-width: 1024px) 100vw, 1024px\" \/><\/figure><\/div>\n<\/div>\n\n\n\n<div class=\"wp-block-column is-layout-flow wp-block-column-is-layout-flow\">\n<div class=\"wp-block-image\"><figure class=\"aligncenter size-large is-resized\"><img loading=\"lazy\" decoding=\"async\" src=\"https:\/\/nntt2.auria.org\/wp-content\/uploads\/2020\/06\/left_rigth.jpg\" alt=\"\" class=\"wp-image-376\" width=\"221\" height=\"221\" srcset=\"https:\/\/nntt2.auria.org\/wp-content\/uploads\/2020\/06\/left_rigth.jpg 250w, https:\/\/nntt2.auria.org\/wp-content\/uploads\/2020\/06\/left_rigth-100x100.jpg 100w, https:\/\/nntt2.auria.org\/wp-content\/uploads\/2020\/06\/left_rigth-150x150.jpg 150w\" sizes=\"auto, (max-width: 221px) 100vw, 221px\" \/><\/figure><\/div>\n<\/div>\n<\/div>\n\n\n\n<p>Dintre dels jocs trobarem diferents personatges que corresponen amb la dificultat i diferents modalitats de competici\u00f3.<\/p>\n\n\n\n<p>En la versi\u00f3 per polsador la direcci\u00f3 varia autom\u00e0ticament fins a pr\u00e9mer el polsador i despr\u00e9s s&#8217;ha d&#8217;escollir la pot\u00e8ncia mitjan\u00e7ant la mateixa din\u00e0mica.<\/p>\n\n\n\n<p>\u00das podeu descarregar el joc fent clic <a href=\"https:\/\/www.oneswitch.org.uk\/OS-REPOSITORY\/GAMES\/PC\/DOWNLOAD\/SPORT\/Mini_Golf_Accessible.zip\"><strong><em>aqu\u00ed<\/em><\/strong><\/a>. La desc\u00e0rrega es realitzar\u00e0 des del repositori de jocs de <a rel=\"noreferrer noopener\" href=\"https:\/\/www.oneswitch.org.uk\/art.php?id=28\" target=\"_blank\">One Switch<\/a>, podreu trobar m\u00e9s informaci\u00f3 sobre aquesta iniciativa a l&#8217;apartat d&#8217;<a rel=\"noreferrer noopener\" href=\"https:\/\/nntt2.auria.org\/index.php\/recursos\/accessibilitat\/\" target=\"_blank\">Accessibilitat<\/a>, \u00fas animem que cerqueu altres jocs que puguin ser del vostre inter\u00e8s.<\/p>\n<\/div><\/div>\n","protected":false},"excerpt":{"rendered":"","protected":false},"author":1,"featured_media":0,"parent":892,"menu_order":0,"comment_status":"closed","ping_status":"closed","template":"","meta":{"footnotes":""},"class_list":["post-1100","page","type-page","status-publish","hentry"],"_links":{"self":[{"href":"https:\/\/nntt2.auria.org\/index.php\/wp-json\/wp\/v2\/pages\/1100","targetHints":{"allow":["GET"]}}],"collection":[{"href":"https:\/\/nntt2.auria.org\/index.php\/wp-json\/wp\/v2\/pages"}],"about":[{"href":"https:\/\/nntt2.auria.org\/index.php\/wp-json\/wp\/v2\/types\/page"}],"author":[{"embeddable":true,"href":"https:\/\/nntt2.auria.org\/index.php\/wp-json\/wp\/v2\/users\/1"}],"replies":[{"embeddable":true,"href":"https:\/\/nntt2.auria.org\/index.php\/wp-json\/wp\/v2\/comments?post=1100"}],"version-history":[{"count":5,"href":"https:\/\/nntt2.auria.org\/index.php\/wp-json\/wp\/v2\/pages\/1100\/revisions"}],"predecessor-version":[{"id":1431,"href":"https:\/\/nntt2.auria.org\/index.php\/wp-json\/wp\/v2\/pages\/1100\/revisions\/1431"}],"up":[{"embeddable":true,"href":"https:\/\/nntt2.auria.org\/index.php\/wp-json\/wp\/v2\/pages\/892"}],"wp:attachment":[{"href":"https:\/\/nntt2.auria.org\/index.php\/wp-json\/wp\/v2\/media?parent=1100"}],"curies":[{"name":"wp","href":"https:\/\/api.w.org\/{rel}","templated":true}]}}