{"id":1096,"date":"2020-10-07T14:53:34","date_gmt":"2020-10-07T14:53:34","guid":{"rendered":"https:\/\/nntt.auria.org\/?page_id=1096"},"modified":"2020-10-16T16:31:20","modified_gmt":"2020-10-16T16:31:20","slug":"maze-muncher","status":"publish","type":"page","link":"https:\/\/nntt2.auria.org\/index.php\/recursos\/descarregues\/per-ordinador\/maze-muncher\/","title":{"rendered":"Maze Muncher"},"content":{"rendered":"\n<div class=\"wp-block-media-text alignwide is-stacked-on-mobile is-vertically-aligned-top\" style=\"grid-template-columns:29% auto\"><figure class=\"wp-block-media-text__media\"><img loading=\"lazy\" decoding=\"async\" width=\"801\" height=\"600\" src=\"https:\/\/nntt2.auria.org\/wp-content\/uploads\/2020\/10\/maze_muncher.png\" alt=\"\" class=\"wp-image-987\" srcset=\"https:\/\/nntt2.auria.org\/wp-content\/uploads\/2020\/10\/maze_muncher.png 801w, https:\/\/nntt2.auria.org\/wp-content\/uploads\/2020\/10\/maze_muncher-600x449.png 600w, https:\/\/nntt2.auria.org\/wp-content\/uploads\/2020\/10\/maze_muncher-300x225.png 300w, https:\/\/nntt2.auria.org\/wp-content\/uploads\/2020\/10\/maze_muncher-768x575.png 768w\" sizes=\"auto, (max-width: 801px) 100vw, 801px\" \/><\/figure><div class=\"wp-block-media-text__content\">\n<p>Versi\u00f3 del cl\u00e0ssic&nbsp;Pacman&nbsp;del 1980 adaptada per a poder jugar amb una sola tecla o polsador.<\/p>\n\n\n\n<p>Seguint amb la mateixa t\u00e8cnica del despla\u00e7ament autom\u00e0tic, el nostre&nbsp;Pacman&nbsp;es despla\u00e7ar\u00e0 en una direcci\u00f3 concreta fins que no premem la barra espaiadora per tal de fer-li canviar de direcci\u00f3.<\/p>\n\n\n\n<div class=\"wp-block-columns is-layout-flex wp-container-core-columns-is-layout-9d6595d7 wp-block-columns-is-layout-flex\">\n<div class=\"wp-block-column is-layout-flow wp-block-column-is-layout-flow\">\n<figure class=\"wp-block-image size-large is-resized\"><img loading=\"lazy\" decoding=\"async\" src=\"https:\/\/nntt2.auria.org\/wp-content\/uploads\/2020\/10\/spacebar_key-1024x341.png\" alt=\"\" class=\"wp-image-1344\" width=\"358\" height=\"131\"\/><\/figure>\n<\/div>\n\n\n\n<div class=\"wp-block-column is-layout-flow wp-block-column-is-layout-flow\">\n<figure class=\"wp-block-image size-large is-resized\"><img loading=\"lazy\" decoding=\"async\" src=\"https:\/\/nntt2.auria.org\/wp-content\/uploads\/2020\/09\/switch_red.jpg\" alt=\"\" class=\"wp-image-845\" width=\"256\" height=\"136\" srcset=\"https:\/\/nntt2.auria.org\/wp-content\/uploads\/2020\/09\/switch_red.jpg 1024w, https:\/\/nntt2.auria.org\/wp-content\/uploads\/2020\/09\/switch_red-600x319.jpg 600w, https:\/\/nntt2.auria.org\/wp-content\/uploads\/2020\/09\/switch_red-300x160.jpg 300w, https:\/\/nntt2.auria.org\/wp-content\/uploads\/2020\/09\/switch_red-768x409.jpg 768w\" sizes=\"auto, (max-width: 256px) 100vw, 256px\" \/><\/figure>\n\n\n\n<p><\/p>\n<\/div>\n<\/div>\n\n\n\n<p>Tot i que el moviment no&nbsp;\u00e9s&nbsp;molt natural gr\u00e0ficament podem clicar&nbsp;diversos&nbsp;cops seguits per tal d&#8217;anar canviant la direcci\u00f3 sobre un mateix punt.<\/p>\n\n\n\n<p>L&#8217;objectiu no&nbsp;t\u00e9&nbsp;cap misteri \u00e9s&nbsp;id\u00e8ntic&nbsp;a l&#8217;original, intentar recuperar totes les&nbsp;gemmes&nbsp;sense que els fantasmes et toquin.<\/p>\n\n\n\n<p>\u00das podeu descarregar el joc fent clic <a href=\"https:\/\/www.oneswitch.org.uk\/OS-REPOSITORY\/GAMES\/PC\/DOWNLOAD\/ARCADE\/Maze_Muncher.zip\"><strong><em>aqu\u00ed<\/em><\/strong><\/a>. La desc\u00e0rrega es realitzar\u00e0 des del repositori de jocs de <a rel=\"noreferrer noopener\" href=\"https:\/\/www.oneswitch.org.uk\/art.php?id=28\" target=\"_blank\">One Switch<\/a>, podreu trobar m\u00e9s informaci\u00f3 sobre aquesta iniciativa a l&#8217;apartat d&#8217;<a rel=\"noreferrer noopener\" href=\"https:\/\/nntt2.auria.org\/index.php\/recursos\/accessibilitat\/\" target=\"_blank\">Accessibilitat<\/a>, \u00fas animem que cerqueu altres jocs que puguin ser del vostre inter\u00e8s.<\/p>\n<\/div><\/div>\n","protected":false},"excerpt":{"rendered":"","protected":false},"author":1,"featured_media":0,"parent":892,"menu_order":0,"comment_status":"closed","ping_status":"closed","template":"","meta":{"footnotes":""},"class_list":["post-1096","page","type-page","status-publish","hentry"],"_links":{"self":[{"href":"https:\/\/nntt2.auria.org\/index.php\/wp-json\/wp\/v2\/pages\/1096","targetHints":{"allow":["GET"]}}],"collection":[{"href":"https:\/\/nntt2.auria.org\/index.php\/wp-json\/wp\/v2\/pages"}],"about":[{"href":"https:\/\/nntt2.auria.org\/index.php\/wp-json\/wp\/v2\/types\/page"}],"author":[{"embeddable":true,"href":"https:\/\/nntt2.auria.org\/index.php\/wp-json\/wp\/v2\/users\/1"}],"replies":[{"embeddable":true,"href":"https:\/\/nntt2.auria.org\/index.php\/wp-json\/wp\/v2\/comments?post=1096"}],"version-history":[{"count":4,"href":"https:\/\/nntt2.auria.org\/index.php\/wp-json\/wp\/v2\/pages\/1096\/revisions"}],"predecessor-version":[{"id":1428,"href":"https:\/\/nntt2.auria.org\/index.php\/wp-json\/wp\/v2\/pages\/1096\/revisions\/1428"}],"up":[{"embeddable":true,"href":"https:\/\/nntt2.auria.org\/index.php\/wp-json\/wp\/v2\/pages\/892"}],"wp:attachment":[{"href":"https:\/\/nntt2.auria.org\/index.php\/wp-json\/wp\/v2\/media?parent=1096"}],"curies":[{"name":"wp","href":"https:\/\/api.w.org\/{rel}","templated":true}]}}