{"id":1091,"date":"2020-10-07T14:48:06","date_gmt":"2020-10-07T14:48:06","guid":{"rendered":"https:\/\/nntt.auria.org\/?page_id=1091"},"modified":"2020-10-16T16:27:39","modified_gmt":"2020-10-16T16:27:39","slug":"manik-mini","status":"publish","type":"page","link":"https:\/\/nntt2.auria.org\/index.php\/recursos\/descarregues\/per-ordinador\/manik-mini\/","title":{"rendered":"Manik Mini"},"content":{"rendered":"\n<div class=\"wp-block-media-text alignwide is-stacked-on-mobile is-vertically-aligned-top\" style=\"grid-template-columns:29% auto\"><figure class=\"wp-block-media-text__media\"><img loading=\"lazy\" decoding=\"async\" width=\"498\" height=\"373\" src=\"https:\/\/nntt2.auria.org\/wp-content\/uploads\/2020\/10\/mm_screen.jpg\" alt=\"\" class=\"wp-image-991\" srcset=\"https:\/\/nntt2.auria.org\/wp-content\/uploads\/2020\/10\/mm_screen.jpg 498w, https:\/\/nntt2.auria.org\/wp-content\/uploads\/2020\/10\/mm_screen-300x225.jpg 300w\" sizes=\"auto, (max-width: 498px) 100vw, 498px\" \/><\/figure><div class=\"wp-block-media-text__content\">\n<p>S\u00e8rie de diferents&nbsp;minijocs&nbsp;majorit\u00e0riament intu\u00eftius encara que hi ha alguns que donen poc marge per fer prova i error.<\/p>\n\n\n\n<p>Principalment aquest&nbsp;minijocs&nbsp;busquen treballar la sincronitzaci\u00f3 i la temporalitat entre els elements que hi ha i la interacci\u00f3 de l&#8217;usuari amb aquests. Per jugar-hi ho haurem de fer mitjan\u00e7ant la barra espaiadora.<\/p>\n\n\n\n<div class=\"wp-block-columns is-layout-flex wp-container-core-columns-is-layout-9d6595d7 wp-block-columns-is-layout-flex\">\n<div class=\"wp-block-column is-layout-flow wp-block-column-is-layout-flow\">\n<figure class=\"wp-block-image size-large is-resized\"><img loading=\"lazy\" decoding=\"async\" src=\"https:\/\/nntt2.auria.org\/wp-content\/uploads\/2020\/10\/spacebar_key-1024x341.png\" alt=\"\" class=\"wp-image-1344\" width=\"394\" height=\"143\"\/><\/figure>\n<\/div>\n\n\n\n<div class=\"wp-block-column is-layout-flow wp-block-column-is-layout-flow\">\n<figure class=\"wp-block-image size-large is-resized\"><img loading=\"lazy\" decoding=\"async\" src=\"https:\/\/nntt2.auria.org\/wp-content\/uploads\/2020\/09\/switch_red.jpg\" alt=\"\" class=\"wp-image-845\" width=\"256\" height=\"136\" srcset=\"https:\/\/nntt2.auria.org\/wp-content\/uploads\/2020\/09\/switch_red.jpg 1024w, https:\/\/nntt2.auria.org\/wp-content\/uploads\/2020\/09\/switch_red-600x319.jpg 600w, https:\/\/nntt2.auria.org\/wp-content\/uploads\/2020\/09\/switch_red-300x160.jpg 300w, https:\/\/nntt2.auria.org\/wp-content\/uploads\/2020\/09\/switch_red-768x409.jpg 768w\" sizes=\"auto, (max-width: 256px) 100vw, 256px\" \/><\/figure>\n<\/div>\n<\/div>\n\n\n\n<p>Al principi del joc tenim 4 vides, cada vegada que fallem en un minijoc en perdem una i tornem a repetir el mateix nivell fins que ho aconseguim. Hi ha  31 minijocs amb 3 nivells de dificultat per a cadascun d&#8217;ells, en total hi ha 93 minijocs.<\/p>\n\n\n\n<p>\u00das podeu descarregar el joc fent clic <a href=\"https:\/\/www.oneswitch.org.uk\/OS-REPOSITORY\/GAMES\/PC\/DOWNLOAD\/PUZZLE-SKILL\/Manik_Minis.zip\"><strong><em>aqu\u00ed<\/em><\/strong><\/a>. La desc\u00e0rrega es realitzar\u00e0 des del repositori de jocs de <a rel=\"noreferrer noopener\" href=\"https:\/\/www.oneswitch.org.uk\/art.php?id=28\" target=\"_blank\">One Switch<\/a>, podreu trobar m\u00e9s informaci\u00f3 sobre aquesta iniciativa a l&#8217;apartat d&#8217;<a rel=\"noreferrer noopener\" href=\"https:\/\/nntt2.auria.org\/index.php\/recursos\/accessibilitat\/\" target=\"_blank\">Accessibilitat<\/a>, \u00fas animem que cerqueu altres jocs que puguin ser del vostre inter\u00e8s.<\/p>\n<\/div><\/div>\n","protected":false},"excerpt":{"rendered":"","protected":false},"author":1,"featured_media":0,"parent":892,"menu_order":0,"comment_status":"closed","ping_status":"closed","template":"","meta":{"footnotes":""},"class_list":["post-1091","page","type-page","status-publish","hentry"],"_links":{"self":[{"href":"https:\/\/nntt2.auria.org\/index.php\/wp-json\/wp\/v2\/pages\/1091","targetHints":{"allow":["GET"]}}],"collection":[{"href":"https:\/\/nntt2.auria.org\/index.php\/wp-json\/wp\/v2\/pages"}],"about":[{"href":"https:\/\/nntt2.auria.org\/index.php\/wp-json\/wp\/v2\/types\/page"}],"author":[{"embeddable":true,"href":"https:\/\/nntt2.auria.org\/index.php\/wp-json\/wp\/v2\/users\/1"}],"replies":[{"embeddable":true,"href":"https:\/\/nntt2.auria.org\/index.php\/wp-json\/wp\/v2\/comments?post=1091"}],"version-history":[{"count":5,"href":"https:\/\/nntt2.auria.org\/index.php\/wp-json\/wp\/v2\/pages\/1091\/revisions"}],"predecessor-version":[{"id":1425,"href":"https:\/\/nntt2.auria.org\/index.php\/wp-json\/wp\/v2\/pages\/1091\/revisions\/1425"}],"up":[{"embeddable":true,"href":"https:\/\/nntt2.auria.org\/index.php\/wp-json\/wp\/v2\/pages\/892"}],"wp:attachment":[{"href":"https:\/\/nntt2.auria.org\/index.php\/wp-json\/wp\/v2\/media?parent=1091"}],"curies":[{"name":"wp","href":"https:\/\/api.w.org\/{rel}","templated":true}]}}