{"id":1086,"date":"2020-10-07T14:34:29","date_gmt":"2020-10-07T14:34:29","guid":{"rendered":"https:\/\/nntt.auria.org\/?page_id=1086"},"modified":"2020-10-16T16:23:55","modified_gmt":"2020-10-16T16:23:55","slug":"lookncook","status":"publish","type":"page","link":"https:\/\/nntt2.auria.org\/index.php\/recursos\/descarregues\/per-ordinador\/lookncook\/","title":{"rendered":"Look&#8217;n&#8217;Cook"},"content":{"rendered":"\n<div class=\"wp-block-media-text alignwide is-stacked-on-mobile is-vertically-aligned-top\" style=\"grid-template-columns:29% auto\"><figure class=\"wp-block-media-text__media\"><img loading=\"lazy\" decoding=\"async\" width=\"647\" height=\"764\" src=\"https:\/\/nntt2.auria.org\/wp-content\/uploads\/2020\/10\/lookncook.png\" alt=\"\" class=\"wp-image-984\" srcset=\"https:\/\/nntt2.auria.org\/wp-content\/uploads\/2020\/10\/lookncook.png 647w, https:\/\/nntt2.auria.org\/wp-content\/uploads\/2020\/10\/lookncook-600x709.png 600w, https:\/\/nntt2.auria.org\/wp-content\/uploads\/2020\/10\/lookncook-254x300.png 254w\" sizes=\"auto, (max-width: 647px) 100vw, 647px\" \/><\/figure><div class=\"wp-block-media-text__content\">\n<p>En aquesta ocasi\u00f3 ser\u00e0s un xef que haur\u00e0 de cuinar per a un important cr\u00edtic culinari i el teu objectiu \u00e9s portar-li la carn al punt que ell demani.<\/p>\n\n\n\n<p>Per superar els diferents nivells, la puntuaci\u00f3 del cr\u00edtic &#8211; el percentatge- ha de ser superior a la indicada a l&#8217;inici de cada nivell.<\/p>\n\n\n\n<p>Per fer-ho nom\u00e9s haurem de fer clic esquerre per donar la volta i una altra vegada per tal de servir el plat.<\/p>\n\n\n\n<div class=\"wp-block-columns is-layout-flex wp-container-core-columns-is-layout-9d6595d7 wp-block-columns-is-layout-flex\">\n<div class=\"wp-block-column is-layout-flow wp-block-column-is-layout-flow\">\n<figure class=\"wp-block-image size-large is-resized\"><img loading=\"lazy\" decoding=\"async\" src=\"https:\/\/nntt2.auria.org\/wp-content\/uploads\/2020\/06\/mouse-1024x704.jpg\" alt=\"\" class=\"wp-image-395\" width=\"256\" height=\"176\" srcset=\"https:\/\/nntt2.auria.org\/wp-content\/uploads\/2020\/06\/mouse-1024x704.jpg 1024w, https:\/\/nntt2.auria.org\/wp-content\/uploads\/2020\/06\/mouse-600x413.jpg 600w, https:\/\/nntt2.auria.org\/wp-content\/uploads\/2020\/06\/mouse-300x206.jpg 300w, https:\/\/nntt2.auria.org\/wp-content\/uploads\/2020\/06\/mouse-768x528.jpg 768w, https:\/\/nntt2.auria.org\/wp-content\/uploads\/2020\/06\/mouse.jpg 1291w\" sizes=\"auto, (max-width: 256px) 100vw, 256px\" \/><\/figure>\n<\/div>\n\n\n\n<div class=\"wp-block-column is-layout-flow wp-block-column-is-layout-flow\">\n<figure class=\"wp-block-image size-large is-resized\"><img loading=\"lazy\" decoding=\"async\" src=\"https:\/\/nntt2.auria.org\/wp-content\/uploads\/2020\/09\/switch_red.jpg\" alt=\"\" class=\"wp-image-845\" width=\"256\" height=\"136\" srcset=\"https:\/\/nntt2.auria.org\/wp-content\/uploads\/2020\/09\/switch_red.jpg 1024w, https:\/\/nntt2.auria.org\/wp-content\/uploads\/2020\/09\/switch_red-600x319.jpg 600w, https:\/\/nntt2.auria.org\/wp-content\/uploads\/2020\/09\/switch_red-300x160.jpg 300w, https:\/\/nntt2.auria.org\/wp-content\/uploads\/2020\/09\/switch_red-768x409.jpg 768w\" sizes=\"auto, (max-width: 256px) 100vw, 256px\" \/><\/figure>\n<\/div>\n<\/div>\n\n\n\n<p>Tot i ser un joc molt senzill no segueix una l\u00f2gica clara i d\u00f3na molt poques pistes sobre l&#8217;estat de la carn i es basa molt en la intu\u00efci\u00f3 pr\u00f2pia.<\/p>\n\n\n\n<p>No recomanable per a usuaris amb baixa visi\u00f3.<\/p>\n\n\n\n<p>\u00das podeu descarregar el joc fent clic <a href=\"https:\/\/www.oneswitch.org.uk\/OS-REPOSITORY\/GAMES\/PC\/DOWNLOAD\/VARIOUS\/LookNCook-Globz.zip\"><strong><em>aqu\u00ed<\/em><\/strong><\/a>. La desc\u00e0rrega es realitzar\u00e0 des del repositori de jocs de <a rel=\"noreferrer noopener\" href=\"https:\/\/www.oneswitch.org.uk\/art.php?id=28\" target=\"_blank\">One Switch<\/a>, podreu trobar m\u00e9s informaci\u00f3 sobre aquesta iniciativa a l&#8217;apartat d&#8217;<a rel=\"noreferrer noopener\" href=\"https:\/\/nntt2.auria.org\/index.php\/recursos\/accessibilitat\/\" target=\"_blank\">Accessibilitat<\/a>, \u00fas animem que cerqueu altres jocs que puguin ser del vostre inter\u00e8s.<\/p>\n<\/div><\/div>\n","protected":false},"excerpt":{"rendered":"","protected":false},"author":1,"featured_media":0,"parent":892,"menu_order":0,"comment_status":"closed","ping_status":"closed","template":"","meta":{"footnotes":""},"class_list":["post-1086","page","type-page","status-publish","hentry"],"_links":{"self":[{"href":"https:\/\/nntt2.auria.org\/index.php\/wp-json\/wp\/v2\/pages\/1086","targetHints":{"allow":["GET"]}}],"collection":[{"href":"https:\/\/nntt2.auria.org\/index.php\/wp-json\/wp\/v2\/pages"}],"about":[{"href":"https:\/\/nntt2.auria.org\/index.php\/wp-json\/wp\/v2\/types\/page"}],"author":[{"embeddable":true,"href":"https:\/\/nntt2.auria.org\/index.php\/wp-json\/wp\/v2\/users\/1"}],"replies":[{"embeddable":true,"href":"https:\/\/nntt2.auria.org\/index.php\/wp-json\/wp\/v2\/comments?post=1086"}],"version-history":[{"count":3,"href":"https:\/\/nntt2.auria.org\/index.php\/wp-json\/wp\/v2\/pages\/1086\/revisions"}],"predecessor-version":[{"id":1421,"href":"https:\/\/nntt2.auria.org\/index.php\/wp-json\/wp\/v2\/pages\/1086\/revisions\/1421"}],"up":[{"embeddable":true,"href":"https:\/\/nntt2.auria.org\/index.php\/wp-json\/wp\/v2\/pages\/892"}],"wp:attachment":[{"href":"https:\/\/nntt2.auria.org\/index.php\/wp-json\/wp\/v2\/media?parent=1086"}],"curies":[{"name":"wp","href":"https:\/\/api.w.org\/{rel}","templated":true}]}}