{"id":1082,"date":"2020-10-07T14:14:48","date_gmt":"2020-10-07T14:14:48","guid":{"rendered":"https:\/\/nntt.auria.org\/?page_id=1082"},"modified":"2020-10-16T16:21:17","modified_gmt":"2020-10-16T16:21:17","slug":"kurling","status":"publish","type":"page","link":"https:\/\/nntt2.auria.org\/index.php\/recursos\/descarregues\/per-ordinador\/kurling\/","title":{"rendered":"Kurling"},"content":{"rendered":"\n<div class=\"wp-block-media-text alignwide is-stacked-on-mobile is-vertically-aligned-top\" style=\"grid-template-columns:29% auto\"><figure class=\"wp-block-media-text__media\"><img loading=\"lazy\" decoding=\"async\" width=\"1000\" height=\"708\" src=\"https:\/\/nntt2.auria.org\/wp-content\/uploads\/2020\/10\/kurling.png\" alt=\"\" class=\"wp-image-982\" srcset=\"https:\/\/nntt2.auria.org\/wp-content\/uploads\/2020\/10\/kurling.png 1000w, https:\/\/nntt2.auria.org\/wp-content\/uploads\/2020\/10\/kurling-600x425.png 600w, https:\/\/nntt2.auria.org\/wp-content\/uploads\/2020\/10\/kurling-300x212.png 300w, https:\/\/nntt2.auria.org\/wp-content\/uploads\/2020\/10\/kurling-768x544.png 768w\" sizes=\"auto, (max-width: 1000px) 100vw, 1000px\" \/><\/figure><div class=\"wp-block-media-text__content\">\n<p>Joc per a dues persones que emula el famos esport escoces sobre gel molt similar a la petanca. Alguns de vosaltres haureu pogut veure alguna partida d&#8217;aquest esport per la televisi\u00f3 doncs aquest cop tindreu l&#8217;opci\u00f3 de poder fer unes partides amb els companys en aquesta adaptaci\u00f3 pensada per jugar amb la barra espaiadora o un polsador configurat per a tal.<\/p>\n\n\n\n<div class=\"wp-block-columns is-layout-flex wp-container-core-columns-is-layout-9d6595d7 wp-block-columns-is-layout-flex\">\n<div class=\"wp-block-column is-layout-flow wp-block-column-is-layout-flow\">\n<div class=\"wp-block-image\"><figure class=\"aligncenter size-large is-resized\"><img loading=\"lazy\" decoding=\"async\" src=\"https:\/\/nntt2.auria.org\/wp-content\/uploads\/2020\/10\/spacebar_key-1024x341.png\" alt=\"\" class=\"wp-image-1344\" width=\"440\" height=\"146\" srcset=\"https:\/\/nntt2.auria.org\/wp-content\/uploads\/2020\/10\/spacebar_key-1024x341.png 1024w, https:\/\/nntt2.auria.org\/wp-content\/uploads\/2020\/10\/spacebar_key-600x200.png 600w, https:\/\/nntt2.auria.org\/wp-content\/uploads\/2020\/10\/spacebar_key-300x100.png 300w, https:\/\/nntt2.auria.org\/wp-content\/uploads\/2020\/10\/spacebar_key-768x256.png 768w, https:\/\/nntt2.auria.org\/wp-content\/uploads\/2020\/10\/spacebar_key.png 1200w\" sizes=\"auto, (max-width: 440px) 100vw, 440px\" \/><\/figure><\/div>\n<\/div>\n\n\n\n<div class=\"wp-block-column is-layout-flow wp-block-column-is-layout-flow\">\n<div class=\"wp-block-image\"><figure class=\"aligncenter size-large is-resized\"><img loading=\"lazy\" decoding=\"async\" src=\"https:\/\/nntt2.auria.org\/wp-content\/uploads\/2020\/09\/switch_red.jpg\" alt=\"\" class=\"wp-image-845\" width=\"256\" height=\"136\" srcset=\"https:\/\/nntt2.auria.org\/wp-content\/uploads\/2020\/09\/switch_red.jpg 1024w, https:\/\/nntt2.auria.org\/wp-content\/uploads\/2020\/09\/switch_red-600x319.jpg 600w, https:\/\/nntt2.auria.org\/wp-content\/uploads\/2020\/09\/switch_red-300x160.jpg 300w, https:\/\/nntt2.auria.org\/wp-content\/uploads\/2020\/09\/switch_red-768x409.jpg 768w\" sizes=\"auto, (max-width: 256px) 100vw, 256px\" \/><\/figure><\/div>\n<\/div>\n<\/div>\n<\/div><\/div>\n\n\n\n<div class=\"wp-block-media-text alignwide is-stacked-on-mobile is-vertically-aligned-top\" style=\"grid-template-columns:29% auto\"><figure class=\"wp-block-media-text__media\"><img loading=\"lazy\" decoding=\"async\" width=\"951\" height=\"503\" src=\"https:\/\/nntt2.auria.org\/wp-content\/uploads\/2020\/10\/switch_curling.png\" alt=\"\" class=\"wp-image-999\" srcset=\"https:\/\/nntt2.auria.org\/wp-content\/uploads\/2020\/10\/switch_curling.png 951w, https:\/\/nntt2.auria.org\/wp-content\/uploads\/2020\/10\/switch_curling-600x317.png 600w, https:\/\/nntt2.auria.org\/wp-content\/uploads\/2020\/10\/switch_curling-300x159.png 300w, https:\/\/nntt2.auria.org\/wp-content\/uploads\/2020\/10\/switch_curling-768x406.png 768w\" sizes=\"auto, (max-width: 951px) 100vw, 951px\" \/><\/figure><div class=\"wp-block-media-text__content\">\n<p>La funcionalitat \u00e9s molt senzilla: la pedra, objecte amb el qual intentarem fer diana, es mou de forma horitzontal per\u00f2 sempre apuntant cap al centre de la diana un cop premem la barra espaiadora fixarem la direcci\u00f3 i nom\u00e9s haurem de tornar a pr\u00e9mer la barra espaiadora per tal de definir la pot\u00e8ncia amb la qual la volem tirar.<\/p>\n\n\n\n<p>Tamb\u00e9 us enllacem una altra versi\u00f3, amb un funcionament molt similar, en la qual els nostres jugadors practiquen c\u00farling adaptat. (Switch&nbsp;Curling)<\/p>\n\n\n\n<p>\u00das podeu descarregar el joc fent clic <strong><em><a href=\"https:\/\/www.oneswitch.org.uk\/OS-REPOSITORY\/GAMES\/PC\/DOWNLOAD\/SPORT\/Kurling.zip\">aqu\u00ed<\/a><\/em><\/strong> i per la versi\u00f3 adaptada <strong><em><a href=\"https:\/\/www.oneswitch.org.uk\/OS-REPOSITORY\/GAMES\/PC\/DOWNLOAD\/SPORT\/Switch_Curling.zip\">aqu\u00ed<\/a><\/em><\/strong>. La desc\u00e0rrega es realitzar\u00e0 des del repositori de jocs de <a rel=\"noreferrer noopener\" href=\"https:\/\/www.oneswitch.org.uk\/art.php?id=28\" target=\"_blank\">One Switch<\/a>, podreu trobar m\u00e9s informaci\u00f3 sobre aquesta iniciativa a l&#8217;apartat d&#8217;<a rel=\"noreferrer noopener\" href=\"https:\/\/nntt2.auria.org\/index.php\/recursos\/accessibilitat\/\" target=\"_blank\">Accessibilitat<\/a>, \u00fas animem que cerqueu altres jocs que puguin ser del vostre inter\u00e8s.<\/p>\n<\/div><\/div>\n","protected":false},"excerpt":{"rendered":"<p>La funcionalitat \u00e9s molt senzilla: la pedra, objecte amb el qual intentarem fer diana, es mou de forma horitzontal per\u00f2 sempre apuntant cap al centre de la diana un cop premem la<a class=\"moretag\" href=\"https:\/\/nntt2.auria.org\/index.php\/recursos\/descarregues\/per-ordinador\/kurling\/\">Read More&#8230;<\/a><\/p>\n","protected":false},"author":1,"featured_media":0,"parent":892,"menu_order":0,"comment_status":"closed","ping_status":"closed","template":"","meta":{"footnotes":""},"class_list":["post-1082","page","type-page","status-publish","hentry"],"_links":{"self":[{"href":"https:\/\/nntt2.auria.org\/index.php\/wp-json\/wp\/v2\/pages\/1082","targetHints":{"allow":["GET"]}}],"collection":[{"href":"https:\/\/nntt2.auria.org\/index.php\/wp-json\/wp\/v2\/pages"}],"about":[{"href":"https:\/\/nntt2.auria.org\/index.php\/wp-json\/wp\/v2\/types\/page"}],"author":[{"embeddable":true,"href":"https:\/\/nntt2.auria.org\/index.php\/wp-json\/wp\/v2\/users\/1"}],"replies":[{"embeddable":true,"href":"https:\/\/nntt2.auria.org\/index.php\/wp-json\/wp\/v2\/comments?post=1082"}],"version-history":[{"count":4,"href":"https:\/\/nntt2.auria.org\/index.php\/wp-json\/wp\/v2\/pages\/1082\/revisions"}],"predecessor-version":[{"id":1419,"href":"https:\/\/nntt2.auria.org\/index.php\/wp-json\/wp\/v2\/pages\/1082\/revisions\/1419"}],"up":[{"embeddable":true,"href":"https:\/\/nntt2.auria.org\/index.php\/wp-json\/wp\/v2\/pages\/892"}],"wp:attachment":[{"href":"https:\/\/nntt2.auria.org\/index.php\/wp-json\/wp\/v2\/media?parent=1082"}],"curies":[{"name":"wp","href":"https:\/\/api.w.org\/{rel}","templated":true}]}}