{"id":1056,"date":"2020-10-06T15:58:38","date_gmt":"2020-10-06T15:58:38","guid":{"rendered":"https:\/\/nntt.auria.org\/?page_id=1056"},"modified":"2020-10-16T16:13:44","modified_gmt":"2020-10-16T16:13:44","slug":"jazzball","status":"publish","type":"page","link":"https:\/\/nntt2.auria.org\/index.php\/recursos\/descarregues\/per-ordinador\/jazzball\/","title":{"rendered":"Jazzball"},"content":{"rendered":"\n<div class=\"wp-block-media-text alignwide is-stacked-on-mobile is-vertically-aligned-top\" style=\"grid-template-columns:29% auto\"><figure class=\"wp-block-media-text__media\"><img loading=\"lazy\" decoding=\"async\" width=\"800\" height=\"632\" src=\"https:\/\/nntt2.auria.org\/wp-content\/uploads\/2020\/10\/jazzball.png\" alt=\"\" class=\"wp-image-978\" srcset=\"https:\/\/nntt2.auria.org\/wp-content\/uploads\/2020\/10\/jazzball.png 800w, https:\/\/nntt2.auria.org\/wp-content\/uploads\/2020\/10\/jazzball-600x474.png 600w, https:\/\/nntt2.auria.org\/wp-content\/uploads\/2020\/10\/jazzball-300x237.png 300w, https:\/\/nntt2.auria.org\/wp-content\/uploads\/2020\/10\/jazzball-768x607.png 768w\" sizes=\"auto, (max-width: 800px) 100vw, 800px\" \/><\/figure><div class=\"wp-block-media-text__content\">\n<p>El concepte base d&#8217;aquest joc no \u00e9s trivial i requereix una bona explicaci\u00f3 per part del monitor.<\/p>\n\n\n\n<p>L&#8217;objectiu \u00e9s revelar el m\u00e0xim possible la imatge que hi ha&nbsp;darrere&nbsp;de la&nbsp;quadr\u00edcula&nbsp;per\u00f2 vigilant amb les esferes vermelles que es mouen per la&nbsp;quadr\u00edcula.<\/p>\n\n\n\n<p>En la modalitat per ratol\u00ed el clic&nbsp;esquerre&nbsp;tra\u00e7a&nbsp;horitzontals&nbsp;i el dret verticals, de tal forma que anirem revelant la imatge de fons i anirem fent m\u00e9s petit l&#8217;espai&nbsp;pel&nbsp;qual poden&nbsp;moure&#8217;s&nbsp;les esferes.<\/p>\n\n\n\n<p>En la modalitat per polsador primer ens fa escollir si volem que el rastreig sigui ordenat o aleatori, despr\u00e9s haurem de seguir la creueta verda i quan creiem convenient polsar el polsador, haurem de decidir si volem que traci de forma horitzontal o vertical, simplement&nbsp;esperant que&nbsp;canvi d&#8217;un&nbsp;a l&#8217;altre&nbsp;a la part superior de la finestra, i finalment tornar a polsar&nbsp;perqu\u00e8&nbsp;traci la&nbsp;l\u00ednia.<\/p>\n\n\n\n<div class=\"wp-block-columns is-layout-flex wp-container-core-columns-is-layout-9d6595d7 wp-block-columns-is-layout-flex\">\n<div class=\"wp-block-column is-layout-flow wp-block-column-is-layout-flow\">\n<figure class=\"wp-block-image size-large is-resized\"><img loading=\"lazy\" decoding=\"async\" src=\"https:\/\/nntt2.auria.org\/wp-content\/uploads\/2020\/06\/mouse-1024x704.jpg\" alt=\"\" class=\"wp-image-395\" width=\"256\" height=\"176\" srcset=\"https:\/\/nntt2.auria.org\/wp-content\/uploads\/2020\/06\/mouse-1024x704.jpg 1024w, https:\/\/nntt2.auria.org\/wp-content\/uploads\/2020\/06\/mouse-600x413.jpg 600w, https:\/\/nntt2.auria.org\/wp-content\/uploads\/2020\/06\/mouse-300x206.jpg 300w, https:\/\/nntt2.auria.org\/wp-content\/uploads\/2020\/06\/mouse-768x528.jpg 768w, https:\/\/nntt2.auria.org\/wp-content\/uploads\/2020\/06\/mouse.jpg 1291w\" sizes=\"auto, (max-width: 256px) 100vw, 256px\" \/><\/figure>\n<\/div>\n\n\n\n<div class=\"wp-block-column is-layout-flow wp-block-column-is-layout-flow\">\n<figure class=\"wp-block-image size-large\"><img loading=\"lazy\" decoding=\"async\" width=\"1024\" height=\"545\" src=\"https:\/\/nntt2.auria.org\/wp-content\/uploads\/2020\/09\/switch_red.jpg\" alt=\"\" class=\"wp-image-845\" srcset=\"https:\/\/nntt2.auria.org\/wp-content\/uploads\/2020\/09\/switch_red.jpg 1024w, https:\/\/nntt2.auria.org\/wp-content\/uploads\/2020\/09\/switch_red-600x319.jpg 600w, https:\/\/nntt2.auria.org\/wp-content\/uploads\/2020\/09\/switch_red-300x160.jpg 300w, https:\/\/nntt2.auria.org\/wp-content\/uploads\/2020\/09\/switch_red-768x409.jpg 768w\" sizes=\"auto, (max-width: 1024px) 100vw, 1024px\" \/><\/figure>\n<\/div>\n<\/div>\n\n\n\n<p>A mesura que anem superant nivells cada cop hi haur\u00e0 m\u00e9s esferes vermelles.<\/p>\n\n\n\n<p>Creiem que si se li&nbsp;d\u00f3na&nbsp;suficient temps d&#8217;aprenentatge \u00e9s un joc for\u00e7a complet.<\/p>\n\n\n\n<p>\u00das podeu descarregar el joc fent clic <a href=\"https:\/\/www.oneswitch.org.uk\/OS-REPOSITORY\/GAMES\/PC\/DOWNLOAD\/PUZZLE-SKILL\/JazzBall.zip\"><strong><em>aqu\u00ed<\/em><\/strong><\/a>. La desc\u00e0rrega es realitzar\u00e0 des del repositori de jocs de <a rel=\"noreferrer noopener\" href=\"https:\/\/www.oneswitch.org.uk\/art.php?id=28\" target=\"_blank\">One Switch<\/a>, podreu trobar m\u00e9s informaci\u00f3 sobre aquesta iniciativa a l&#8217;apartat d&#8217;<a rel=\"noreferrer noopener\" href=\"https:\/\/nntt2.auria.org\/index.php\/recursos\/accessibilitat\/\" target=\"_blank\">Accessibilitat<\/a>, \u00fas animem que cerqueu altres jocs que puguin ser del vostre inter\u00e8s.<\/p>\n<\/div><\/div>\n","protected":false},"excerpt":{"rendered":"","protected":false},"author":1,"featured_media":0,"parent":892,"menu_order":0,"comment_status":"closed","ping_status":"closed","template":"","meta":{"footnotes":""},"class_list":["post-1056","page","type-page","status-publish","hentry"],"_links":{"self":[{"href":"https:\/\/nntt2.auria.org\/index.php\/wp-json\/wp\/v2\/pages\/1056","targetHints":{"allow":["GET"]}}],"collection":[{"href":"https:\/\/nntt2.auria.org\/index.php\/wp-json\/wp\/v2\/pages"}],"about":[{"href":"https:\/\/nntt2.auria.org\/index.php\/wp-json\/wp\/v2\/types\/page"}],"author":[{"embeddable":true,"href":"https:\/\/nntt2.auria.org\/index.php\/wp-json\/wp\/v2\/users\/1"}],"replies":[{"embeddable":true,"href":"https:\/\/nntt2.auria.org\/index.php\/wp-json\/wp\/v2\/comments?post=1056"}],"version-history":[{"count":3,"href":"https:\/\/nntt2.auria.org\/index.php\/wp-json\/wp\/v2\/pages\/1056\/revisions"}],"predecessor-version":[{"id":1414,"href":"https:\/\/nntt2.auria.org\/index.php\/wp-json\/wp\/v2\/pages\/1056\/revisions\/1414"}],"up":[{"embeddable":true,"href":"https:\/\/nntt2.auria.org\/index.php\/wp-json\/wp\/v2\/pages\/892"}],"wp:attachment":[{"href":"https:\/\/nntt2.auria.org\/index.php\/wp-json\/wp\/v2\/media?parent=1056"}],"curies":[{"name":"wp","href":"https:\/\/api.w.org\/{rel}","templated":true}]}}