{"id":1049,"date":"2020-10-06T15:33:37","date_gmt":"2020-10-06T15:33:37","guid":{"rendered":"https:\/\/nntt.auria.org\/?page_id=1049"},"modified":"2020-10-16T16:09:41","modified_gmt":"2020-10-16T16:09:41","slug":"gunslinger","status":"publish","type":"page","link":"https:\/\/nntt2.auria.org\/index.php\/recursos\/descarregues\/per-ordinador\/gunslinger\/","title":{"rendered":"Gunslinger"},"content":{"rendered":"\n<div class=\"wp-block-media-text alignwide is-stacked-on-mobile is-vertically-aligned-top\" style=\"grid-template-columns:29% auto\"><figure class=\"wp-block-media-text__media\"><img loading=\"lazy\" decoding=\"async\" width=\"640\" height=\"482\" src=\"https:\/\/nntt2.auria.org\/wp-content\/uploads\/2020\/10\/gun_slinger.png\" alt=\"\" class=\"wp-image-1005\" srcset=\"https:\/\/nntt2.auria.org\/wp-content\/uploads\/2020\/10\/gun_slinger.png 640w, https:\/\/nntt2.auria.org\/wp-content\/uploads\/2020\/10\/gun_slinger-600x452.png 600w, https:\/\/nntt2.auria.org\/wp-content\/uploads\/2020\/10\/gun_slinger-300x226.png 300w\" sizes=\"auto, (max-width: 640px) 100vw, 640px\" \/><\/figure><div class=\"wp-block-media-text__content\">\n<p>Tal com el seu nom indica aquest joc va de cowboys, pistoles i duels.<\/p>\n\n\n\n<p>El joc \u00e9s simple, dispara abans que ho faci el teu contrincant per\u00f2 abans haurem d&#8217;estar atents a qu\u00e8 el nostre contrincant desenfundi per tal de poder disparar.<\/p>\n\n\n\n<p>Per disparar ho podrem fer amb la tecla G o amb el clic esquerre del ratol\u00ed.<\/p>\n\n\n\n<div class=\"wp-block-columns is-layout-flex wp-container-core-columns-is-layout-9d6595d7 wp-block-columns-is-layout-flex\">\n<div class=\"wp-block-column is-layout-flow wp-block-column-is-layout-flow\">\n<figure class=\"wp-block-image size-large\"><img loading=\"lazy\" decoding=\"async\" width=\"1024\" height=\"341\" src=\"https:\/\/nntt2.auria.org\/wp-content\/uploads\/2020\/10\/g_key-1024x341.png\" alt=\"\" class=\"wp-image-1340\" srcset=\"https:\/\/nntt2.auria.org\/wp-content\/uploads\/2020\/10\/g_key-1024x341.png 1024w, https:\/\/nntt2.auria.org\/wp-content\/uploads\/2020\/10\/g_key-600x200.png 600w, https:\/\/nntt2.auria.org\/wp-content\/uploads\/2020\/10\/g_key-300x100.png 300w, https:\/\/nntt2.auria.org\/wp-content\/uploads\/2020\/10\/g_key-768x256.png 768w, https:\/\/nntt2.auria.org\/wp-content\/uploads\/2020\/10\/g_key.png 1200w\" sizes=\"auto, (max-width: 1024px) 100vw, 1024px\" \/><\/figure>\n<\/div>\n\n\n\n<div class=\"wp-block-column is-layout-flow wp-block-column-is-layout-flow\">\n<figure class=\"wp-block-image size-large\"><img loading=\"lazy\" decoding=\"async\" width=\"1024\" height=\"704\" src=\"https:\/\/nntt2.auria.org\/wp-content\/uploads\/2020\/06\/mouse-1024x704.jpg\" alt=\"\" class=\"wp-image-395\" srcset=\"https:\/\/nntt2.auria.org\/wp-content\/uploads\/2020\/06\/mouse-1024x704.jpg 1024w, https:\/\/nntt2.auria.org\/wp-content\/uploads\/2020\/06\/mouse-600x413.jpg 600w, https:\/\/nntt2.auria.org\/wp-content\/uploads\/2020\/06\/mouse-300x206.jpg 300w, https:\/\/nntt2.auria.org\/wp-content\/uploads\/2020\/06\/mouse-768x528.jpg 768w, https:\/\/nntt2.auria.org\/wp-content\/uploads\/2020\/06\/mouse.jpg 1291w\" sizes=\"auto, (max-width: 1024px) 100vw, 1024px\" \/><\/figure>\n<\/div>\n\n\n\n<div class=\"wp-block-column is-layout-flow wp-block-column-is-layout-flow\">\n<figure class=\"wp-block-image size-large\"><img loading=\"lazy\" decoding=\"async\" width=\"1024\" height=\"545\" src=\"https:\/\/nntt2.auria.org\/wp-content\/uploads\/2020\/09\/switch_red.jpg\" alt=\"\" class=\"wp-image-845\" srcset=\"https:\/\/nntt2.auria.org\/wp-content\/uploads\/2020\/09\/switch_red.jpg 1024w, https:\/\/nntt2.auria.org\/wp-content\/uploads\/2020\/09\/switch_red-600x319.jpg 600w, https:\/\/nntt2.auria.org\/wp-content\/uploads\/2020\/09\/switch_red-300x160.jpg 300w, https:\/\/nntt2.auria.org\/wp-content\/uploads\/2020\/09\/switch_red-768x409.jpg 768w\" sizes=\"auto, (max-width: 1024px) 100vw, 1024px\" \/><\/figure>\n<\/div>\n<\/div>\n\n\n\n<p>Una de les caracter\u00edstiques interessant d&#8217;aquest joc \u00e9s el fet que la dificultat es va incrementant a mesura que anem fent rondes per tant cada usuari podr\u00e0 trobar avan\u00e7ar al seu ritme fins a arribar a una dificultat la qual ja no pugui superar, aquesta \u00e9s la idea del joc.<\/p>\n\n\n\n<p>\u00das podeu descarregar el joc fent clic <a href=\"https:\/\/www.oneswitch.org.uk\/OS-REPOSITORY\/GAMES\/PC\/DOWNLOAD\/SHOOT-EM-UPS\/Gun_Slinger.zip\"><strong><em>aqu\u00ed<\/em><\/strong><\/a>. La desc\u00e0rrega es realitzar\u00e0 des del repositori de jocs de <a rel=\"noreferrer noopener\" href=\"https:\/\/www.oneswitch.org.uk\/art.php?id=28\" target=\"_blank\">One Switch<\/a>, podreu trobar m\u00e9s informaci\u00f3 sobre aquesta iniciativa a l&#8217;apartat d&#8217;<a rel=\"noreferrer noopener\" href=\"https:\/\/nntt2.auria.org\/index.php\/recursos\/accessibilitat\/\" target=\"_blank\">Accessibilitat<\/a>, \u00fas animem que cerqueu altres jocs que puguin ser del vostre inter\u00e8s.<\/p>\n<\/div><\/div>\n","protected":false},"excerpt":{"rendered":"","protected":false},"author":1,"featured_media":0,"parent":892,"menu_order":0,"comment_status":"closed","ping_status":"closed","template":"","meta":{"footnotes":""},"class_list":["post-1049","page","type-page","status-publish","hentry"],"_links":{"self":[{"href":"https:\/\/nntt2.auria.org\/index.php\/wp-json\/wp\/v2\/pages\/1049","targetHints":{"allow":["GET"]}}],"collection":[{"href":"https:\/\/nntt2.auria.org\/index.php\/wp-json\/wp\/v2\/pages"}],"about":[{"href":"https:\/\/nntt2.auria.org\/index.php\/wp-json\/wp\/v2\/types\/page"}],"author":[{"embeddable":true,"href":"https:\/\/nntt2.auria.org\/index.php\/wp-json\/wp\/v2\/users\/1"}],"replies":[{"embeddable":true,"href":"https:\/\/nntt2.auria.org\/index.php\/wp-json\/wp\/v2\/comments?post=1049"}],"version-history":[{"count":5,"href":"https:\/\/nntt2.auria.org\/index.php\/wp-json\/wp\/v2\/pages\/1049\/revisions"}],"predecessor-version":[{"id":1411,"href":"https:\/\/nntt2.auria.org\/index.php\/wp-json\/wp\/v2\/pages\/1049\/revisions\/1411"}],"up":[{"embeddable":true,"href":"https:\/\/nntt2.auria.org\/index.php\/wp-json\/wp\/v2\/pages\/892"}],"wp:attachment":[{"href":"https:\/\/nntt2.auria.org\/index.php\/wp-json\/wp\/v2\/media?parent=1049"}],"curies":[{"name":"wp","href":"https:\/\/api.w.org\/{rel}","templated":true}]}}