{"id":1046,"date":"2020-10-06T15:30:37","date_gmt":"2020-10-06T15:30:37","guid":{"rendered":"https:\/\/nntt.auria.org\/?page_id=1046"},"modified":"2020-10-16T16:07:48","modified_gmt":"2020-10-16T16:07:48","slug":"grail","status":"publish","type":"page","link":"https:\/\/nntt2.auria.org\/index.php\/recursos\/descarregues\/per-ordinador\/grail\/","title":{"rendered":"Grail"},"content":{"rendered":"\n<div class=\"wp-block-media-text alignwide is-stacked-on-mobile is-vertically-aligned-top\" style=\"grid-template-columns:29% auto\"><figure class=\"wp-block-media-text__media\"><img loading=\"lazy\" decoding=\"async\" width=\"1022\" height=\"767\" src=\"https:\/\/nntt2.auria.org\/wp-content\/uploads\/2020\/10\/grail.png\" alt=\"\" class=\"wp-image-975\" srcset=\"https:\/\/nntt2.auria.org\/wp-content\/uploads\/2020\/10\/grail.png 1022w, https:\/\/nntt2.auria.org\/wp-content\/uploads\/2020\/10\/grail-600x450.png 600w, https:\/\/nntt2.auria.org\/wp-content\/uploads\/2020\/10\/grail-300x225.png 300w, https:\/\/nntt2.auria.org\/wp-content\/uploads\/2020\/10\/grail-768x576.png 768w\" sizes=\"auto, (max-width: 1022px) 100vw, 1022px\" \/><\/figure><div class=\"wp-block-media-text__content\">\n<p>En aquesta ocasi\u00f3 ser\u00e0s un cavaller a la recerca del grial. Durant la teva aventura trobar\u00e0s trampes i enemics que haur\u00e0s d&#8217;anar esquivant i eliminant.<\/p>\n\n\n\n<p>El funcionament del joc \u00e9s molt senzill per\u00f2 el joc com a tal t\u00e9 certa dificultat. Per tal d&#8217;interaccionar amb el nostre cavaller nom\u00e9s disposarem de la tecla que representa la fletxa\/direcci\u00f3 dreta, d&#8217;aquesta forma el nostre cavaller es despla\u00e7ar\u00e0 cap a la dreta.<\/p>\n\n\n\n<div class=\"wp-block-columns is-layout-flex wp-container-core-columns-is-layout-9d6595d7 wp-block-columns-is-layout-flex\">\n<div class=\"wp-block-column is-layout-flow wp-block-column-is-layout-flow\">\n<div class=\"wp-block-image\"><figure class=\"aligncenter size-large\"><img loading=\"lazy\" decoding=\"async\" width=\"512\" height=\"512\" src=\"https:\/\/nntt2.auria.org\/wp-content\/uploads\/2020\/10\/right_arrow.png\" alt=\"\" class=\"wp-image-1338\" srcset=\"https:\/\/nntt2.auria.org\/wp-content\/uploads\/2020\/10\/right_arrow.png 512w, https:\/\/nntt2.auria.org\/wp-content\/uploads\/2020\/10\/right_arrow-300x300.png 300w, https:\/\/nntt2.auria.org\/wp-content\/uploads\/2020\/10\/right_arrow-100x100.png 100w, https:\/\/nntt2.auria.org\/wp-content\/uploads\/2020\/10\/right_arrow-150x150.png 150w\" sizes=\"auto, (max-width: 512px) 100vw, 512px\" \/><\/figure><\/div>\n<\/div>\n\n\n\n<div class=\"wp-block-column is-layout-flow wp-block-column-is-layout-flow\">\n<div class=\"wp-block-image\"><figure class=\"aligncenter size-large is-resized\"><img loading=\"lazy\" decoding=\"async\" src=\"https:\/\/nntt2.auria.org\/wp-content\/uploads\/2020\/09\/switch_red.jpg\" alt=\"\" class=\"wp-image-845\" width=\"256\" height=\"136\" srcset=\"https:\/\/nntt2.auria.org\/wp-content\/uploads\/2020\/09\/switch_red.jpg 1024w, https:\/\/nntt2.auria.org\/wp-content\/uploads\/2020\/09\/switch_red-600x319.jpg 600w, https:\/\/nntt2.auria.org\/wp-content\/uploads\/2020\/09\/switch_red-300x160.jpg 300w, https:\/\/nntt2.auria.org\/wp-content\/uploads\/2020\/09\/switch_red-768x409.jpg 768w\" sizes=\"auto, (max-width: 256px) 100vw, 256px\" \/><\/figure><\/div>\n<\/div>\n<\/div>\n\n\n\n<p>Per saltar o atacar ho far\u00e0 de forma autom\u00e0tica per tant \u00e9s molt important saber quan moure&#8217;s cap a la dreta, \u00e9s a dir, sincronitzar-se amb els elements del joc.<\/p>\n\n\n\n<p>Recordeu que no podreu tornar endarrere en cap moment, molta sort en la vostra cerca del grial!<\/p>\n\n\n\n<p>\u00das podeu descarregar el joc fent clic <a href=\"https:\/\/www.oneswitch.org.uk\/OS-REPOSITORY\/GAMES\/PC\/DOWNLOAD\/PLATFORMERS\/Grail.zip\"><strong><em>aqu\u00ed<\/em><\/strong><\/a>. La desc\u00e0rrega es realitzar\u00e0 des del repositori de jocs de <a rel=\"noreferrer noopener\" href=\"https:\/\/www.oneswitch.org.uk\/art.php?id=28\" target=\"_blank\">One Switch<\/a>, podreu trobar m\u00e9s informaci\u00f3 sobre aquesta iniciativa a l&#8217;apartat d&#8217;<a rel=\"noreferrer noopener\" href=\"https:\/\/nntt2.auria.org\/index.php\/recursos\/accessibilitat\/\" target=\"_blank\">Accessibilitat<\/a>, \u00fas animem que cerqueu altres jocs que puguin ser del vostre inter\u00e8s.<\/p>\n<\/div><\/div>\n","protected":false},"excerpt":{"rendered":"","protected":false},"author":1,"featured_media":0,"parent":892,"menu_order":0,"comment_status":"closed","ping_status":"closed","template":"","meta":{"footnotes":""},"class_list":["post-1046","page","type-page","status-publish","hentry"],"_links":{"self":[{"href":"https:\/\/nntt2.auria.org\/index.php\/wp-json\/wp\/v2\/pages\/1046","targetHints":{"allow":["GET"]}}],"collection":[{"href":"https:\/\/nntt2.auria.org\/index.php\/wp-json\/wp\/v2\/pages"}],"about":[{"href":"https:\/\/nntt2.auria.org\/index.php\/wp-json\/wp\/v2\/types\/page"}],"author":[{"embeddable":true,"href":"https:\/\/nntt2.auria.org\/index.php\/wp-json\/wp\/v2\/users\/1"}],"replies":[{"embeddable":true,"href":"https:\/\/nntt2.auria.org\/index.php\/wp-json\/wp\/v2\/comments?post=1046"}],"version-history":[{"count":4,"href":"https:\/\/nntt2.auria.org\/index.php\/wp-json\/wp\/v2\/pages\/1046\/revisions"}],"predecessor-version":[{"id":1409,"href":"https:\/\/nntt2.auria.org\/index.php\/wp-json\/wp\/v2\/pages\/1046\/revisions\/1409"}],"up":[{"embeddable":true,"href":"https:\/\/nntt2.auria.org\/index.php\/wp-json\/wp\/v2\/pages\/892"}],"wp:attachment":[{"href":"https:\/\/nntt2.auria.org\/index.php\/wp-json\/wp\/v2\/media?parent=1046"}],"curies":[{"name":"wp","href":"https:\/\/api.w.org\/{rel}","templated":true}]}}