{"id":1039,"date":"2020-10-06T15:09:55","date_gmt":"2020-10-06T15:09:55","guid":{"rendered":"https:\/\/nntt.auria.org\/?page_id=1039"},"modified":"2020-10-16T16:01:32","modified_gmt":"2020-10-16T16:01:32","slug":"dracula-cha-cha","status":"publish","type":"page","link":"https:\/\/nntt2.auria.org\/index.php\/recursos\/descarregues\/per-ordinador\/dracula-cha-cha\/","title":{"rendered":"Dracula Cha Cha"},"content":{"rendered":"\n<div class=\"wp-block-media-text alignwide is-stacked-on-mobile is-vertically-aligned-top\" style=\"grid-template-columns:29% auto\"><figure class=\"wp-block-media-text__media\"><img loading=\"lazy\" decoding=\"async\" width=\"1000\" height=\"566\" src=\"https:\/\/nntt2.auria.org\/wp-content\/uploads\/2020\/10\/dracula_cha_cha.png\" alt=\"\" class=\"wp-image-969\" srcset=\"https:\/\/nntt2.auria.org\/wp-content\/uploads\/2020\/10\/dracula_cha_cha.png 1000w, https:\/\/nntt2.auria.org\/wp-content\/uploads\/2020\/10\/dracula_cha_cha-600x340.png 600w, https:\/\/nntt2.auria.org\/wp-content\/uploads\/2020\/10\/dracula_cha_cha-300x170.png 300w, https:\/\/nntt2.auria.org\/wp-content\/uploads\/2020\/10\/dracula_cha_cha-768x435.png 768w\" sizes=\"auto, (max-width: 1000px) 100vw, 1000px\" \/><\/figure><div class=\"wp-block-media-text__content\">\n<p>En aquesta ocasi\u00f3 ser\u00e0s el fam\u00f3s Dr\u00e0cula en una original i divertida par\u00f2dia d&#8217;aquest terror\u00edfic personatge en \u00e8poca nadalenca.<\/p>\n\n\n\n<p>El joc consisteix a fer que Dr\u00e0cula intenti recollir el m\u00e0xim nombre de regals tot interaccionant amb els diferents elements que es trobar\u00e0 pel cam\u00ed. Aquests regals i globus que anirem trobant durant els diferents nivells tamb\u00e9 contenen algunes sorpreses com bonificacions o penalitzacions de moviment, etc.<\/p>\n\n\n\n<p>Tamb\u00e9 trobarem t\u00edpics personatges nadalencs els quals podrem interaccionar amb ells si premem la barra espaiadora en el moment adequat i per \u00faltim hi ha alguns&nbsp;minijocs&nbsp;amagats dintre dels diferents nivells.<\/p>\n\n\n\n<p>Com ja s&#8217;ha comentat per interaccionar amb aquest joc farem servir la barra espaiadora la qual ens servir\u00e0 per saltar o interactuar amb altres personatges del joc, sempre depenent del moment en qu\u00e8 es premi.<\/p>\n\n\n\n<div class=\"wp-block-columns is-layout-flex wp-container-core-columns-is-layout-9d6595d7 wp-block-columns-is-layout-flex\">\n<div class=\"wp-block-column is-layout-flow wp-block-column-is-layout-flow\">\n<figure class=\"wp-block-image size-large\"><img loading=\"lazy\" decoding=\"async\" width=\"1024\" height=\"341\" src=\"https:\/\/nntt2.auria.org\/wp-content\/uploads\/2020\/10\/spacebar_key-1024x341.png\" alt=\"\" class=\"wp-image-1344\" srcset=\"https:\/\/nntt2.auria.org\/wp-content\/uploads\/2020\/10\/spacebar_key-1024x341.png 1024w, https:\/\/nntt2.auria.org\/wp-content\/uploads\/2020\/10\/spacebar_key-600x200.png 600w, https:\/\/nntt2.auria.org\/wp-content\/uploads\/2020\/10\/spacebar_key-300x100.png 300w, https:\/\/nntt2.auria.org\/wp-content\/uploads\/2020\/10\/spacebar_key-768x256.png 768w, https:\/\/nntt2.auria.org\/wp-content\/uploads\/2020\/10\/spacebar_key.png 1200w\" sizes=\"auto, (max-width: 1024px) 100vw, 1024px\" \/><\/figure>\n<\/div>\n\n\n\n<div class=\"wp-block-column is-layout-flow wp-block-column-is-layout-flow\">\n<figure class=\"wp-block-image size-large\"><img loading=\"lazy\" decoding=\"async\" width=\"1024\" height=\"545\" src=\"https:\/\/nntt2.auria.org\/wp-content\/uploads\/2020\/09\/switch_red.jpg\" alt=\"\" class=\"wp-image-845\" srcset=\"https:\/\/nntt2.auria.org\/wp-content\/uploads\/2020\/09\/switch_red.jpg 1024w, https:\/\/nntt2.auria.org\/wp-content\/uploads\/2020\/09\/switch_red-600x319.jpg 600w, https:\/\/nntt2.auria.org\/wp-content\/uploads\/2020\/09\/switch_red-300x160.jpg 300w, https:\/\/nntt2.auria.org\/wp-content\/uploads\/2020\/09\/switch_red-768x409.jpg 768w\" sizes=\"auto, (max-width: 1024px) 100vw, 1024px\" \/><\/figure>\n<\/div>\n<\/div>\n\n\n\n<p>\u00das podeu descarregar el joc fent clic <a href=\"https:\/\/www.oneswitch.org.uk\/OS-REPOSITORY\/GAMES\/PC\/DOWNLOAD\/PLATFORMERS\/Dracula.zip\"><strong><em>aqu\u00ed<\/em><\/strong><\/a>. La desc\u00e0rrega es realitzar\u00e0 des del repositori de jocs de <a rel=\"noreferrer noopener\" href=\"https:\/\/www.oneswitch.org.uk\/art.php?id=28\" target=\"_blank\">One Switch<\/a>, podreu trobar m\u00e9s informaci\u00f3 sobre aquesta iniciativa a l&#8217;apartat d&#8217;<a rel=\"noreferrer noopener\" href=\"https:\/\/nntt2.auria.org\/index.php\/recursos\/accessibilitat\/\" target=\"_blank\">Accessibilitat<\/a>, \u00fas animem que cerqueu altres jocs que puguin ser del vostre inter\u00e8s.<\/p>\n<\/div><\/div>\n","protected":false},"excerpt":{"rendered":"","protected":false},"author":1,"featured_media":0,"parent":892,"menu_order":0,"comment_status":"closed","ping_status":"closed","template":"","meta":{"footnotes":""},"class_list":["post-1039","page","type-page","status-publish","hentry"],"_links":{"self":[{"href":"https:\/\/nntt2.auria.org\/index.php\/wp-json\/wp\/v2\/pages\/1039","targetHints":{"allow":["GET"]}}],"collection":[{"href":"https:\/\/nntt2.auria.org\/index.php\/wp-json\/wp\/v2\/pages"}],"about":[{"href":"https:\/\/nntt2.auria.org\/index.php\/wp-json\/wp\/v2\/types\/page"}],"author":[{"embeddable":true,"href":"https:\/\/nntt2.auria.org\/index.php\/wp-json\/wp\/v2\/users\/1"}],"replies":[{"embeddable":true,"href":"https:\/\/nntt2.auria.org\/index.php\/wp-json\/wp\/v2\/comments?post=1039"}],"version-history":[{"count":5,"href":"https:\/\/nntt2.auria.org\/index.php\/wp-json\/wp\/v2\/pages\/1039\/revisions"}],"predecessor-version":[{"id":1404,"href":"https:\/\/nntt2.auria.org\/index.php\/wp-json\/wp\/v2\/pages\/1039\/revisions\/1404"}],"up":[{"embeddable":true,"href":"https:\/\/nntt2.auria.org\/index.php\/wp-json\/wp\/v2\/pages\/892"}],"wp:attachment":[{"href":"https:\/\/nntt2.auria.org\/index.php\/wp-json\/wp\/v2\/media?parent=1039"}],"curies":[{"name":"wp","href":"https:\/\/api.w.org\/{rel}","templated":true}]}}