{"id":1016,"date":"2020-10-06T14:18:02","date_gmt":"2020-10-06T14:18:02","guid":{"rendered":"https:\/\/nntt.auria.org\/?page_id=1016"},"modified":"2020-10-16T15:47:57","modified_gmt":"2020-10-16T15:47:57","slug":"alienated","status":"publish","type":"page","link":"https:\/\/nntt2.auria.org\/index.php\/recursos\/descarregues\/per-ordinador\/alienated\/","title":{"rendered":"Alienated"},"content":{"rendered":"\n<div class=\"wp-block-media-text alignwide is-stacked-on-mobile is-vertically-aligned-top\" style=\"grid-template-columns:29% auto\"><figure class=\"wp-block-media-text__media\"><img loading=\"lazy\" decoding=\"async\" width=\"624\" height=\"438\" src=\"https:\/\/nntt2.auria.org\/wp-content\/uploads\/2020\/10\/alienated.png\" alt=\"\" class=\"wp-image-961\" srcset=\"https:\/\/nntt2.auria.org\/wp-content\/uploads\/2020\/10\/alienated.png 624w, https:\/\/nntt2.auria.org\/wp-content\/uploads\/2020\/10\/alienated-600x421.png 600w, https:\/\/nntt2.auria.org\/wp-content\/uploads\/2020\/10\/alienated-300x211.png 300w\" sizes=\"auto, (max-width: 624px) 100vw, 624px\" \/><\/figure><div class=\"wp-block-media-text__content\">\n<p>Adaptaci\u00f3 del cl\u00e0ssic&nbsp;Space&nbsp;Invader&nbsp;del 1978.<\/p>\n\n\n\n<p>L&#8217;objectiu del joc \u00e9s eliminar tots els aliens que hi ha a cada nivell sense que aquests ens&nbsp;llevin&nbsp;vides.<\/p>\n\n\n\n<p>En aquesta versi\u00f3&nbsp;es&nbsp;pot jugar com en el joc original, fletxes laterals per&nbsp;moure&#8217;s&nbsp;i barra espaiadora per disparar, o la seva adaptaci\u00f3 per a polsador on&nbsp;la nostra nau&nbsp;dispara i es mou&nbsp;autom\u00e0ticament, per tal de canviar de direcci\u00f3 nom\u00e9s s&#8217;ha de polsar el polsador.<\/p>\n\n\n\n<div class=\"wp-block-columns is-layout-flex wp-container-core-columns-is-layout-9d6595d7 wp-block-columns-is-layout-flex\">\n<div class=\"wp-block-column is-layout-flow wp-block-column-is-layout-flow\">\n<div class=\"wp-block-image\"><figure class=\"aligncenter size-large is-resized\"><img loading=\"lazy\" decoding=\"async\" src=\"https:\/\/nntt2.auria.org\/wp-content\/uploads\/2020\/06\/all_arrow.jpg\" alt=\"\" class=\"wp-image-388\" width=\"193\" height=\"193\" srcset=\"https:\/\/nntt2.auria.org\/wp-content\/uploads\/2020\/06\/all_arrow.jpg 347w, https:\/\/nntt2.auria.org\/wp-content\/uploads\/2020\/06\/all_arrow-300x300.jpg 300w, https:\/\/nntt2.auria.org\/wp-content\/uploads\/2020\/06\/all_arrow-100x100.jpg 100w, https:\/\/nntt2.auria.org\/wp-content\/uploads\/2020\/06\/all_arrow-150x150.jpg 150w\" sizes=\"auto, (max-width: 193px) 100vw, 193px\" \/><\/figure><\/div>\n<\/div>\n\n\n\n<div class=\"wp-block-column is-layout-flow wp-block-column-is-layout-flow\">\n<figure class=\"wp-block-image size-large\"><img loading=\"lazy\" decoding=\"async\" width=\"1024\" height=\"341\" src=\"https:\/\/nntt2.auria.org\/wp-content\/uploads\/2020\/10\/spacebar_key-1024x341.png\" alt=\"\" class=\"wp-image-1344\" srcset=\"https:\/\/nntt2.auria.org\/wp-content\/uploads\/2020\/10\/spacebar_key-1024x341.png 1024w, https:\/\/nntt2.auria.org\/wp-content\/uploads\/2020\/10\/spacebar_key-600x200.png 600w, https:\/\/nntt2.auria.org\/wp-content\/uploads\/2020\/10\/spacebar_key-300x100.png 300w, https:\/\/nntt2.auria.org\/wp-content\/uploads\/2020\/10\/spacebar_key-768x256.png 768w, https:\/\/nntt2.auria.org\/wp-content\/uploads\/2020\/10\/spacebar_key.png 1200w\" sizes=\"auto, (max-width: 1024px) 100vw, 1024px\" \/><\/figure>\n<\/div>\n\n\n\n<div class=\"wp-block-column is-layout-flow wp-block-column-is-layout-flow\">\n<figure class=\"wp-block-image size-large\"><img loading=\"lazy\" decoding=\"async\" width=\"1024\" height=\"545\" src=\"https:\/\/nntt2.auria.org\/wp-content\/uploads\/2020\/09\/switch_red.jpg\" alt=\"\" class=\"wp-image-845\" srcset=\"https:\/\/nntt2.auria.org\/wp-content\/uploads\/2020\/09\/switch_red.jpg 1024w, https:\/\/nntt2.auria.org\/wp-content\/uploads\/2020\/09\/switch_red-600x319.jpg 600w, https:\/\/nntt2.auria.org\/wp-content\/uploads\/2020\/09\/switch_red-300x160.jpg 300w, https:\/\/nntt2.auria.org\/wp-content\/uploads\/2020\/09\/switch_red-768x409.jpg 768w\" sizes=\"auto, (max-width: 1024px) 100vw, 1024px\" \/><\/figure>\n<\/div>\n<\/div>\n\n\n\n<p>Per canviar del joc original a la versi\u00f3 per polsador s\u2019ha de clicar la tecla <strong>F1<\/strong>.<\/p>\n\n\n\n<p>\u00das podeu descarregar el joc fent clic <a href=\"https:\/\/www.oneswitch.org.uk\/OS-REPOSITORY\/GAMES\/PC\/DOWNLOAD\/ARCADE\/Alienated.zip\"><strong><em>aqu\u00ed<\/em><\/strong><\/a>. La desc\u00e0rrega es realitzar\u00e0 des del repositori de jocs de <a rel=\"noreferrer noopener\" href=\"https:\/\/www.oneswitch.org.uk\/art.php?id=28\" target=\"_blank\">One Switch<\/a>, podreu trobar m\u00e9s informaci\u00f3 sobre aquesta iniciativa a l&#8217;apartat d&#8217;<a rel=\"noreferrer noopener\" href=\"https:\/\/nntt2.auria.org\/index.php\/recursos\/accessibilitat\/\" target=\"_blank\">Accessibilitat<\/a>, \u00fas animem que cerqueu altres jocs que puguin ser del vostre inter\u00e8s.<\/p>\n<\/div><\/div>\n","protected":false},"excerpt":{"rendered":"","protected":false},"author":1,"featured_media":0,"parent":892,"menu_order":0,"comment_status":"closed","ping_status":"closed","template":"","meta":{"footnotes":""},"class_list":["post-1016","page","type-page","status-publish","hentry"],"_links":{"self":[{"href":"https:\/\/nntt2.auria.org\/index.php\/wp-json\/wp\/v2\/pages\/1016","targetHints":{"allow":["GET"]}}],"collection":[{"href":"https:\/\/nntt2.auria.org\/index.php\/wp-json\/wp\/v2\/pages"}],"about":[{"href":"https:\/\/nntt2.auria.org\/index.php\/wp-json\/wp\/v2\/types\/page"}],"author":[{"embeddable":true,"href":"https:\/\/nntt2.auria.org\/index.php\/wp-json\/wp\/v2\/users\/1"}],"replies":[{"embeddable":true,"href":"https:\/\/nntt2.auria.org\/index.php\/wp-json\/wp\/v2\/comments?post=1016"}],"version-history":[{"count":4,"href":"https:\/\/nntt2.auria.org\/index.php\/wp-json\/wp\/v2\/pages\/1016\/revisions"}],"predecessor-version":[{"id":1391,"href":"https:\/\/nntt2.auria.org\/index.php\/wp-json\/wp\/v2\/pages\/1016\/revisions\/1391"}],"up":[{"embeddable":true,"href":"https:\/\/nntt2.auria.org\/index.php\/wp-json\/wp\/v2\/pages\/892"}],"wp:attachment":[{"href":"https:\/\/nntt2.auria.org\/index.php\/wp-json\/wp\/v2\/media?parent=1016"}],"curies":[{"name":"wp","href":"https:\/\/api.w.org\/{rel}","templated":true}]}}